{"id":7293,"date":"2023-10-14T18:11:16","date_gmt":"2023-10-14T16:11:16","guid":{"rendered":"https:\/\/sikati.de\/?post_type=product&#038;p=7293"},"modified":"2026-03-21T20:59:39","modified_gmt":"2026-03-21T19:59:39","slug":"original-handgeschnitzer-bamileke-thronsessel-2","status":"publish","type":"product","link":"https:\/\/www.sikati.de\/fr\/produit\/original-handgeschnitzer-bamileke-thronsessel-2\/","title":{"rendered":"Fauteuil tr\u00f4ne Bamileke original sculpt\u00e9 \u00e0 la main"},"content":{"rendered":"<p>D\u00e9couvrez le charme envo\u00fbtant de l&#039;artisanat africain avec notre fauteuil tr\u00f4ne Bamileke original, sculpt\u00e9 \u00e0 la main. Inspir\u00e9 par la richesse culturelle du Cameroun, ce chef-d&#039;\u0153uvre allie charme boh\u00e8me, \u00e9l\u00e9gance vintage, authenticit\u00e9 rustique et design moderne. Chaque fauteuil est unique, fa\u00e7onn\u00e9 dans du bois d&#039;ayous de haute qualit\u00e9, pris\u00e9 pour sa teinte brune naturelle. Le motif en treillis et \u00e0 boutons, typique de l&#039;art Bamileke, conf\u00e8re au fauteuil une esth\u00e9tique saisissante et raconte une histoire de tradition et de savoir-faire. Utilis\u00e9 comme fauteuil, tabouret ou objet d\u00e9coratif, ce fauteuil tr\u00f4ne deviendra la pi\u00e8ce ma\u00eetresse de votre int\u00e9rieur et s&#039;int\u00e9grera harmonieusement \u00e0 tous les styles, du plus classique au plus contemporain. Plongez dans l&#039;univers de l&#039;art tribal et laissez-vous charmer par le savoir-faire et l&#039;histoire de ce meuble unique.<\/p>\n<p>D\u00e9tails<\/p>\n<p>Couleur\u00a0: Marron | Hauteur\u00a0: 96\u00a0cm | Largeur\u00a0: 61\u00a0cm | Profondeur\u00a0: 56\u00a0cm<\/p>\n<p>Hauteur d&#039;assise\u00a0: 42\u00a0cm | Diam\u00e8tre\u00a0: 57\u00a0cm | Poids\u00a0: 22\u00a0kg<\/p>\n<p>Styles\u00a0: Afro chic, Boh\u00e8me, Vintage, Rustique, Antique, Moderne, Art tribal<\/p>\n<p>&nbsp;<\/p>","protected":false},"excerpt":{"rendered":"<p>Fauteuil tr\u00f4ne Bamileke original sculpt\u00e9 \u00e0 la main dans du bois d&#039;Ayous. Style boh\u00e8me vintage avec un motif en treillis et des boutons. Couleur marron. Id\u00e9al pour les amateurs d&#039;art tribal et de meubles artisanaux en bois. Une pi\u00e8ce ma\u00eetresse pour votre int\u00e9rieur.<\/p>\n<p>Pas de facture de TVA, en tant que petite entreprise selon l&#039;article 19 (1) de la loi allemande sur la TVA (UStG).<\/p>\n<p>&nbsp;<\/p>","protected":false},"featured_media":7301,"template":"","meta":{"_acf_changed":false},"product_brand":[],"product_cat":[724,123],"product_tag":[429,693,689,692,430,694,687,688],"class_list":{"0":"post-7293","1":"product","2":"type-product","3":"status-publish","4":"has-post-thumbnail","6":"product_cat-moebel","7":"product_cat-sitzmoebel","8":"product_tag-bamileke","9":"product_tag-gittermuster","10":"product_tag-hocker","11":"product_tag-holzstuhl","12":"product_tag-kamerun","13":"product_tag-noppenmuster","14":"product_tag-sessel","15":"product_tag-stuhl","17":"first","18":"instock","19":"sale","20":"shipping-taxable","21":"purchasable","22":"product-type-simple"},"acf":[],"yoast_head":"<!-- This site is optimized with the Yoast SEO plugin v27.4 - https:\/\/yoast.com\/product\/yoast-seo-wordpress\/ -->\n<title>Original handgeschnitzer Bamileke Thronsessel - Sikat\u00ed<\/title>\n<meta name=\"description\" content=\"Afrikanischer Stuhl - Bamileke Stuhl - Original handgeschnitzter Bamileke Thronsessel im Boho-Vintage-Stil mit Gittermuster und Noppen. Echtholz\" \/>\n<meta name=\"robots\" content=\"index, follow, max-snippet:-1, max-image-preview:large, max-video-preview:-1\" \/>\n<link rel=\"canonical\" href=\"https:\/\/www.sikati.de\/fr\/produit\/original-handgeschnitzer-bamileke-thronsessel-2\/\" \/>\n<meta property=\"og:locale\" content=\"fr_FR\" \/>\n<meta property=\"og:type\" content=\"article\" \/>\n<meta property=\"og:title\" content=\"Original handgeschnitzer Bamileke Thronsessel - Sikat\u00ed\" \/>\n<meta property=\"og:description\" content=\"Afrikanischer Stuhl - Bamileke Stuhl - Original handgeschnitzter Bamileke Thronsessel im Boho-Vintage-Stil mit Gittermuster und Noppen. Echtholz\" \/>\n<meta property=\"og:url\" content=\"https:\/\/www.sikati.de\/fr\/produit\/original-handgeschnitzer-bamileke-thronsessel-2\/\" \/>\n<meta property=\"og:site_name\" content=\"Sikat\u00ed\" \/>\n<meta property=\"article:publisher\" content=\"https:\/\/www.facebook.com\/Arts.Decoration.Style\" \/>\n<meta property=\"article:modified_time\" content=\"2026-03-21T19:59:39+00:00\" \/>\n<meta property=\"og:image\" content=\"https:\/\/www.sikati.de\/wp-content\/uploads\/2023\/10\/PhotoRoom-20230308_155851_20-1024x1024-1.png\" \/>\n\t<meta property=\"og:image:width\" content=\"1024\" \/>\n\t<meta property=\"og:image:height\" content=\"1024\" \/>\n\t<meta property=\"og:image:type\" content=\"image\/png\" \/>\n<meta name=\"twitter:card\" content=\"summary_large_image\" \/>\n<meta name=\"twitter:label1\" content=\"Dur\u00e9e de lecture estim\u00e9e\" \/>\n\t<meta name=\"twitter:data1\" content=\"2 minutes\" \/>\n<script type=\"application\/ld+json\" class=\"yoast-schema-graph\">{\"@context\":\"https:\\\/\\\/schema.org\",\"@graph\":[{\"@type\":\"WebPage\",\"@id\":\"https:\\\/\\\/www.sikati.de\\\/produkt\\\/original-handgeschnitzer-bamileke-thronsessel-2\\\/\",\"url\":\"https:\\\/\\\/www.sikati.de\\\/produkt\\\/original-handgeschnitzer-bamileke-thronsessel-2\\\/\",\"name\":\"Original handgeschnitzer Bamileke Thronsessel - Sikat\u00ed\",\"isPartOf\":{\"@id\":\"https:\\\/\\\/www.sikati.de\\\/#website\"},\"primaryImageOfPage\":{\"@id\":\"https:\\\/\\\/www.sikati.de\\\/produkt\\\/original-handgeschnitzer-bamileke-thronsessel-2\\\/#primaryimage\"},\"image\":{\"@id\":\"https:\\\/\\\/www.sikati.de\\\/produkt\\\/original-handgeschnitzer-bamileke-thronsessel-2\\\/#primaryimage\"},\"thumbnailUrl\":\"https:\\\/\\\/www.sikati.de\\\/wp-content\\\/uploads\\\/2023\\\/10\\\/PhotoRoom-20230308_155851_20-1024x1024-1.png\",\"datePublished\":\"2023-10-14T16:11:16+00:00\",\"dateModified\":\"2026-03-21T19:59:39+00:00\",\"description\":\"Afrikanischer Stuhl - Bamileke Stuhl - Original handgeschnitzter Bamileke Thronsessel im Boho-Vintage-Stil mit Gittermuster und Noppen. Echtholz\",\"breadcrumb\":{\"@id\":\"https:\\\/\\\/www.sikati.de\\\/produkt\\\/original-handgeschnitzer-bamileke-thronsessel-2\\\/#breadcrumb\"},\"inLanguage\":\"fr-FR\",\"potentialAction\":[{\"@type\":\"ReadAction\",\"target\":[\"https:\\\/\\\/www.sikati.de\\\/produkt\\\/original-handgeschnitzer-bamileke-thronsessel-2\\\/\"]}]},{\"@type\":\"ImageObject\",\"inLanguage\":\"fr-FR\",\"@id\":\"https:\\\/\\\/www.sikati.de\\\/produkt\\\/original-handgeschnitzer-bamileke-thronsessel-2\\\/#primaryimage\",\"url\":\"https:\\\/\\\/www.sikati.de\\\/wp-content\\\/uploads\\\/2023\\\/10\\\/PhotoRoom-20230308_155851_20-1024x1024-1.png\",\"contentUrl\":\"https:\\\/\\\/www.sikati.de\\\/wp-content\\\/uploads\\\/2023\\\/10\\\/PhotoRoom-20230308_155851_20-1024x1024-1.png\",\"width\":1024,\"height\":1024},{\"@type\":\"BreadcrumbList\",\"@id\":\"https:\\\/\\\/www.sikati.de\\\/produkt\\\/original-handgeschnitzer-bamileke-thronsessel-2\\\/#breadcrumb\",\"itemListElement\":[{\"@type\":\"ListItem\",\"position\":1,\"name\":\"Startseite\",\"item\":\"https:\\\/\\\/www.sikati.de\\\/\"},{\"@type\":\"ListItem\",\"position\":2,\"name\":\"Produkte\",\"item\":\"https:\\\/\\\/www.sikati.de\\\/shop\\\/\"},{\"@type\":\"ListItem\",\"position\":3,\"name\":\"Original handgeschnitzer Bamileke Thronsessel\"}]},{\"@type\":\"WebSite\",\"@id\":\"https:\\\/\\\/www.sikati.de\\\/#website\",\"url\":\"https:\\\/\\\/www.sikati.de\\\/\",\"name\":\"Sikat\u00ed\",\"description\":\"Afro Contemporary Fashion &amp; Living\",\"publisher\":{\"@id\":\"https:\\\/\\\/www.sikati.de\\\/#organization\"},\"potentialAction\":[{\"@type\":\"SearchAction\",\"target\":{\"@type\":\"EntryPoint\",\"urlTemplate\":\"https:\\\/\\\/www.sikati.de\\\/?s={search_term_string}\"},\"query-input\":{\"@type\":\"PropertyValueSpecification\",\"valueRequired\":true,\"valueName\":\"search_term_string\"}}],\"inLanguage\":\"fr-FR\"},{\"@type\":\"Organization\",\"@id\":\"https:\\\/\\\/www.sikati.de\\\/#organization\",\"name\":\"Sikat\u00ed\",\"url\":\"https:\\\/\\\/www.sikati.de\\\/\",\"logo\":{\"@type\":\"ImageObject\",\"inLanguage\":\"fr-FR\",\"@id\":\"https:\\\/\\\/www.sikati.de\\\/#\\\/schema\\\/logo\\\/image\\\/\",\"url\":\"https:\\\/\\\/www.sikati.de\\\/wp-content\\\/uploads\\\/2019\\\/03\\\/cropped-cropped-sikati-logo.png\",\"contentUrl\":\"https:\\\/\\\/www.sikati.de\\\/wp-content\\\/uploads\\\/2019\\\/03\\\/cropped-cropped-sikati-logo.png\",\"width\":500,\"height\":201,\"caption\":\"Sikat\u00ed\"},\"image\":{\"@id\":\"https:\\\/\\\/www.sikati.de\\\/#\\\/schema\\\/logo\\\/image\\\/\"},\"sameAs\":[\"https:\\\/\\\/www.facebook.com\\\/Arts.Decoration.Style\",\"https:\\\/\\\/www.instagram.com\\\/sikati_arts\\\/\",\"https:\\\/\\\/www.tiktok.com\\\/@sikati_arts\"]}]}<\/script>\n<!-- \/ Yoast SEO plugin. -->","yoast_head_json":{"title":"Original handgeschnitzer Bamileke Thronsessel - Sikat\u00ed","description":"Afrikanischer Stuhl - Bamileke Stuhl - Original handgeschnitzter Bamileke Thronsessel im Boho-Vintage-Stil mit Gittermuster und Noppen. Echtholz","robots":{"index":"index","follow":"follow","max-snippet":"max-snippet:-1","max-image-preview":"max-image-preview:large","max-video-preview":"max-video-preview:-1"},"canonical":"https:\/\/www.sikati.de\/fr\/produit\/original-handgeschnitzer-bamileke-thronsessel-2\/","og_locale":"fr_FR","og_type":"article","og_title":"Original handgeschnitzer Bamileke Thronsessel - Sikat\u00ed","og_description":"Afrikanischer Stuhl - Bamileke Stuhl - Original handgeschnitzter Bamileke Thronsessel im Boho-Vintage-Stil mit Gittermuster und Noppen. Echtholz","og_url":"https:\/\/www.sikati.de\/fr\/produit\/original-handgeschnitzer-bamileke-thronsessel-2\/","og_site_name":"Sikat\u00ed","article_publisher":"https:\/\/www.facebook.com\/Arts.Decoration.Style","article_modified_time":"2026-03-21T19:59:39+00:00","og_image":[{"width":1024,"height":1024,"url":"https:\/\/www.sikati.de\/wp-content\/uploads\/2023\/10\/PhotoRoom-20230308_155851_20-1024x1024-1.png","type":"image\/png"}],"twitter_card":"summary_large_image","twitter_misc":{"Dur\u00e9e de lecture estim\u00e9e":"2 minutes"},"schema":{"@context":"https:\/\/schema.org","@graph":[{"@type":"WebPage","@id":"https:\/\/www.sikati.de\/produkt\/original-handgeschnitzer-bamileke-thronsessel-2\/","url":"https:\/\/www.sikati.de\/produkt\/original-handgeschnitzer-bamileke-thronsessel-2\/","name":"Original handgeschnitzer Bamileke Thronsessel - Sikat\u00ed","isPartOf":{"@id":"https:\/\/www.sikati.de\/#website"},"primaryImageOfPage":{"@id":"https:\/\/www.sikati.de\/produkt\/original-handgeschnitzer-bamileke-thronsessel-2\/#primaryimage"},"image":{"@id":"https:\/\/www.sikati.de\/produkt\/original-handgeschnitzer-bamileke-thronsessel-2\/#primaryimage"},"thumbnailUrl":"https:\/\/www.sikati.de\/wp-content\/uploads\/2023\/10\/PhotoRoom-20230308_155851_20-1024x1024-1.png","datePublished":"2023-10-14T16:11:16+00:00","dateModified":"2026-03-21T19:59:39+00:00","description":"Afrikanischer Stuhl - Bamileke Stuhl - Original handgeschnitzter Bamileke Thronsessel im Boho-Vintage-Stil mit Gittermuster und Noppen. Echtholz","breadcrumb":{"@id":"https:\/\/www.sikati.de\/produkt\/original-handgeschnitzer-bamileke-thronsessel-2\/#breadcrumb"},"inLanguage":"fr-FR","potentialAction":[{"@type":"ReadAction","target":["https:\/\/www.sikati.de\/produkt\/original-handgeschnitzer-bamileke-thronsessel-2\/"]}]},{"@type":"ImageObject","inLanguage":"fr-FR","@id":"https:\/\/www.sikati.de\/produkt\/original-handgeschnitzer-bamileke-thronsessel-2\/#primaryimage","url":"https:\/\/www.sikati.de\/wp-content\/uploads\/2023\/10\/PhotoRoom-20230308_155851_20-1024x1024-1.png","contentUrl":"https:\/\/www.sikati.de\/wp-content\/uploads\/2023\/10\/PhotoRoom-20230308_155851_20-1024x1024-1.png","width":1024,"height":1024},{"@type":"BreadcrumbList","@id":"https:\/\/www.sikati.de\/produkt\/original-handgeschnitzer-bamileke-thronsessel-2\/#breadcrumb","itemListElement":[{"@type":"ListItem","position":1,"name":"Startseite","item":"https:\/\/www.sikati.de\/"},{"@type":"ListItem","position":2,"name":"Produkte","item":"https:\/\/www.sikati.de\/shop\/"},{"@type":"ListItem","position":3,"name":"Original handgeschnitzer Bamileke Thronsessel"}]},{"@type":"WebSite","@id":"https:\/\/www.sikati.de\/#website","url":"https:\/\/www.sikati.de\/","name":"Sika\u00ed","description":"Afro Contemporary Fashion &amp; Living","publisher":{"@id":"https:\/\/www.sikati.de\/#organization"},"potentialAction":[{"@type":"SearchAction","target":{"@type":"EntryPoint","urlTemplate":"https:\/\/www.sikati.de\/?s={search_term_string}"},"query-input":{"@type":"PropertyValueSpecification","valueRequired":true,"valueName":"search_term_string"}}],"inLanguage":"fr-FR"},{"@type":"Organization","@id":"https:\/\/www.sikati.de\/#organization","name":"Sika\u00ed","url":"https:\/\/www.sikati.de\/","logo":{"@type":"ImageObject","inLanguage":"fr-FR","@id":"https:\/\/www.sikati.de\/#\/schema\/logo\/image\/","url":"https:\/\/www.sikati.de\/wp-content\/uploads\/2019\/03\/cropped-cropped-sikati-logo.png","contentUrl":"https:\/\/www.sikati.de\/wp-content\/uploads\/2019\/03\/cropped-cropped-sikati-logo.png","width":500,"height":201,"caption":"Sikat\u00ed"},"image":{"@id":"https:\/\/www.sikati.de\/#\/schema\/logo\/image\/"},"sameAs":["https:\/\/www.facebook.com\/Arts.Decoration.Style","https:\/\/www.instagram.com\/sikati_arts\/","https:\/\/www.tiktok.com\/@sikati_arts"]}]}},"_links":{"self":[{"href":"https:\/\/www.sikati.de\/fr\/wp-json\/wp\/v2\/product\/7293","targetHints":{"allow":["GET"]}}],"collection":[{"href":"https:\/\/www.sikati.de\/fr\/wp-json\/wp\/v2\/product"}],"about":[{"href":"https:\/\/www.sikati.de\/fr\/wp-json\/wp\/v2\/types\/product"}],"wp:featuredmedia":[{"embeddable":true,"href":"https:\/\/www.sikati.de\/fr\/wp-json\/wp\/v2\/media\/7301"}],"wp:attachment":[{"href":"https:\/\/www.sikati.de\/fr\/wp-json\/wp\/v2\/media?parent=7293"}],"wp:term":[{"taxonomy":"product_brand","embeddable":true,"href":"https:\/\/www.sikati.de\/fr\/wp-json\/wp\/v2\/product_brand?post=7293"},{"taxonomy":"product_cat","embeddable":true,"href":"https:\/\/www.sikati.de\/fr\/wp-json\/wp\/v2\/product_cat?post=7293"},{"taxonomy":"product_tag","embeddable":true,"href":"https:\/\/www.sikati.de\/fr\/wp-json\/wp\/v2\/product_tag?post=7293"}],"curies":[{"name":"wp","href":"https:\/\/api.w.org\/{rel}","templated":true}]}}