{"id":7304,"date":"2023-10-14T19:22:09","date_gmt":"2023-10-14T17:22:09","guid":{"rendered":"https:\/\/sikati.de\/?post_type=product&#038;p=7304"},"modified":"2026-03-21T20:50:03","modified_gmt":"2026-03-21T19:50:03","slug":"baumscheibentisch-echtholz-unikat","status":"publish","type":"product","link":"https:\/\/www.sikati.de\/fr\/produit\/baumscheibentisch-echtholz-unikat\/","title":{"rendered":"Table en rondelle de bois, pi\u00e8ce unique"},"content":{"rendered":"<p>Plongez dans un univers o\u00f9 nature et artisanat s&#039;unissent en parfaite harmonie avec notre table en rondelle de bois massif, une pi\u00e8ce exclusive et unique pour votre int\u00e9rieur. Ce chef-d&#039;\u0153uvre, qui allie des influences boh\u00e8mes, rustiques, antiques, modernes et tribales, est bien plus qu&#039;un simple meuble : c&#039;est un hommage \u00e0 la beaut\u00e9 intacte de la nature. Chaque table, soigneusement fa\u00e7onn\u00e9e dans un bois d&#039;Ayous d&#039;une qualit\u00e9 exceptionnelle, conserve la forme organique et le grain unique de l&#039;arbre, devenant ainsi la pi\u00e8ce ma\u00eetresse de toute pi\u00e8ce. Utilis\u00e9e comme table basse, table d&#039;appoint ou meuble de rangement, elle conf\u00e8re \u00e0 chaque espace une aura d&#039;\u00e9l\u00e9gance et de s\u00e9r\u00e9nit\u00e9. Laissez-vous captiver par l&#039;esth\u00e9tique irr\u00e9prochable et la pr\u00e9sence affirm\u00e9e de notre table en bois massif et invitez un morceau de nature authentique chez vous.<\/p>","protected":false},"excerpt":{"rendered":"<p>D\u00e9couvrez une oasis d&#039;\u00e9l\u00e9gance naturelle et de perfection artisanale avec notre table basse en rondelles de bois massif. Inspir\u00e9e de styles vari\u00e9s tels que le boh\u00e8me et l&#039;art tribal, cette pi\u00e8ce unique, r\u00e9alis\u00e9e en bois d&#039;ayous de haute qualit\u00e9, est bien plus qu&#039;un simple meuble\u00a0: c&#039;est une v\u00e9ritable \u0153uvre d&#039;art qui apporte la puissance et la beaut\u00e9 de la nature \u00e0 votre int\u00e9rieur. Suffisamment polyvalente pour servir de table basse ou de table d&#039;appoint, elle deviendra un \u00e9l\u00e9ment central et intemporel de votre salon.<\/p>\n<p>Pas de facture de TVA, en tant que petite entreprise selon l&#039;article 19 (1) de la loi allemande sur la TVA (UStG).<\/p>","protected":false},"featured_media":5441,"template":"","meta":{"_acf_changed":false},"product_brand":[],"product_cat":[724,126],"product_tag":[698,700,685,691,699,702,696,701,703,697,704],"class_list":{"0":"post-7304","1":"product","2":"type-product","3":"status-publish","4":"has-post-thumbnail","6":"product_cat-moebel","7":"product_cat-tische","8":"product_tag-ablagetisch","9":"product_tag-baumtisch","10":"product_tag-beistelltisch","11":"product_tag-couchtisch","12":"product_tag-echtholztisch","13":"product_tag-holztisch","14":"product_tag-massivholz","15":"product_tag-sofatisch","16":"product_tag-tisch","17":"product_tag-vollholz","18":"product_tag-wohnzimmertisch","20":"first","21":"instock","22":"sale","23":"shipping-taxable","24":"purchasable","25":"product-type-variable"},"acf":[],"yoast_head":"<!-- This site is optimized with the Yoast SEO plugin v27.4 - https:\/\/yoast.com\/product\/yoast-seo-wordpress\/ -->\n<title>Baumscheibentisch, Unikat - Sikat\u00ed<\/title>\n<meta name=\"description\" content=\"%\" \/>\n<meta name=\"robots\" content=\"index, follow, max-snippet:-1, max-image-preview:large, max-video-preview:-1\" \/>\n<link rel=\"canonical\" href=\"https:\/\/www.sikati.de\/fr\/produit\/baumscheibentisch-echtholz-unikat\/\" \/>\n<meta property=\"og:locale\" content=\"fr_FR\" \/>\n<meta property=\"og:type\" content=\"article\" \/>\n<meta property=\"og:title\" content=\"Baumscheibentisch, Unikat - Sikat\u00ed\" \/>\n<meta property=\"og:description\" content=\"%\" \/>\n<meta property=\"og:url\" content=\"https:\/\/www.sikati.de\/fr\/produit\/baumscheibentisch-echtholz-unikat\/\" \/>\n<meta property=\"og:site_name\" content=\"Sikat\u00ed\" \/>\n<meta property=\"article:publisher\" content=\"https:\/\/www.facebook.com\/Arts.Decoration.Style\" \/>\n<meta property=\"article:modified_time\" content=\"2026-03-21T19:50:03+00:00\" \/>\n<meta property=\"og:image\" content=\"https:\/\/www.sikati.de\/wp-content\/uploads\/2023\/03\/PhotoRoom-20230308_190018_25.png\" \/>\n\t<meta property=\"og:image:width\" content=\"2000\" \/>\n\t<meta property=\"og:image:height\" content=\"2000\" \/>\n\t<meta property=\"og:image:type\" content=\"image\/png\" \/>\n<meta name=\"twitter:card\" content=\"summary_large_image\" \/>\n<meta name=\"twitter:label1\" content=\"Dur\u00e9e de lecture estim\u00e9e\" \/>\n\t<meta name=\"twitter:data1\" content=\"1 minute\" \/>\n<script type=\"application\/ld+json\" class=\"yoast-schema-graph\">{\"@context\":\"https:\\\/\\\/schema.org\",\"@graph\":[{\"@type\":\"WebPage\",\"@id\":\"https:\\\/\\\/www.sikati.de\\\/produkt\\\/baumscheibentisch-echtholz-unikat\\\/\",\"url\":\"https:\\\/\\\/www.sikati.de\\\/produkt\\\/baumscheibentisch-echtholz-unikat\\\/\",\"name\":\"Baumscheibentisch, Unikat - Sikat\u00ed\",\"isPartOf\":{\"@id\":\"https:\\\/\\\/www.sikati.de\\\/#website\"},\"primaryImageOfPage\":{\"@id\":\"https:\\\/\\\/www.sikati.de\\\/produkt\\\/baumscheibentisch-echtholz-unikat\\\/#primaryimage\"},\"image\":{\"@id\":\"https:\\\/\\\/www.sikati.de\\\/produkt\\\/baumscheibentisch-echtholz-unikat\\\/#primaryimage\"},\"thumbnailUrl\":\"https:\\\/\\\/www.sikati.de\\\/wp-content\\\/uploads\\\/2023\\\/03\\\/PhotoRoom-20230308_190018_25.png\",\"datePublished\":\"2023-10-14T17:22:09+00:00\",\"dateModified\":\"2026-03-21T19:50:03+00:00\",\"description\":\"%\",\"breadcrumb\":{\"@id\":\"https:\\\/\\\/www.sikati.de\\\/produkt\\\/baumscheibentisch-echtholz-unikat\\\/#breadcrumb\"},\"inLanguage\":\"fr-FR\",\"potentialAction\":[{\"@type\":\"ReadAction\",\"target\":[\"https:\\\/\\\/www.sikati.de\\\/produkt\\\/baumscheibentisch-echtholz-unikat\\\/\"]}]},{\"@type\":\"ImageObject\",\"inLanguage\":\"fr-FR\",\"@id\":\"https:\\\/\\\/www.sikati.de\\\/produkt\\\/baumscheibentisch-echtholz-unikat\\\/#primaryimage\",\"url\":\"https:\\\/\\\/www.sikati.de\\\/wp-content\\\/uploads\\\/2023\\\/03\\\/PhotoRoom-20230308_190018_25.png\",\"contentUrl\":\"https:\\\/\\\/www.sikati.de\\\/wp-content\\\/uploads\\\/2023\\\/03\\\/PhotoRoom-20230308_190018_25.png\",\"width\":2000,\"height\":2000},{\"@type\":\"BreadcrumbList\",\"@id\":\"https:\\\/\\\/www.sikati.de\\\/produkt\\\/baumscheibentisch-echtholz-unikat\\\/#breadcrumb\",\"itemListElement\":[{\"@type\":\"ListItem\",\"position\":1,\"name\":\"Startseite\",\"item\":\"https:\\\/\\\/www.sikati.de\\\/\"},{\"@type\":\"ListItem\",\"position\":2,\"name\":\"Produkte\",\"item\":\"https:\\\/\\\/www.sikati.de\\\/shop\\\/\"},{\"@type\":\"ListItem\",\"position\":3,\"name\":\"Baumscheibentisch, Unikat\"}]},{\"@type\":\"WebSite\",\"@id\":\"https:\\\/\\\/www.sikati.de\\\/#website\",\"url\":\"https:\\\/\\\/www.sikati.de\\\/\",\"name\":\"Sikat\u00ed\",\"description\":\"Afro Contemporary Fashion &amp; Living\",\"publisher\":{\"@id\":\"https:\\\/\\\/www.sikati.de\\\/#organization\"},\"potentialAction\":[{\"@type\":\"SearchAction\",\"target\":{\"@type\":\"EntryPoint\",\"urlTemplate\":\"https:\\\/\\\/www.sikati.de\\\/?s={search_term_string}\"},\"query-input\":{\"@type\":\"PropertyValueSpecification\",\"valueRequired\":true,\"valueName\":\"search_term_string\"}}],\"inLanguage\":\"fr-FR\"},{\"@type\":\"Organization\",\"@id\":\"https:\\\/\\\/www.sikati.de\\\/#organization\",\"name\":\"Sikat\u00ed\",\"url\":\"https:\\\/\\\/www.sikati.de\\\/\",\"logo\":{\"@type\":\"ImageObject\",\"inLanguage\":\"fr-FR\",\"@id\":\"https:\\\/\\\/www.sikati.de\\\/#\\\/schema\\\/logo\\\/image\\\/\",\"url\":\"https:\\\/\\\/www.sikati.de\\\/wp-content\\\/uploads\\\/2019\\\/03\\\/cropped-cropped-sikati-logo.png\",\"contentUrl\":\"https:\\\/\\\/www.sikati.de\\\/wp-content\\\/uploads\\\/2019\\\/03\\\/cropped-cropped-sikati-logo.png\",\"width\":500,\"height\":201,\"caption\":\"Sikat\u00ed\"},\"image\":{\"@id\":\"https:\\\/\\\/www.sikati.de\\\/#\\\/schema\\\/logo\\\/image\\\/\"},\"sameAs\":[\"https:\\\/\\\/www.facebook.com\\\/Arts.Decoration.Style\",\"https:\\\/\\\/www.instagram.com\\\/sikati_arts\\\/\",\"https:\\\/\\\/www.tiktok.com\\\/@sikati_arts\"]}]}<\/script>\n<!-- \/ Yoast SEO plugin. -->","yoast_head_json":{"title":"Baumscheibentisch, Unikat - Sikat\u00ed","description":"%","robots":{"index":"index","follow":"follow","max-snippet":"max-snippet:-1","max-image-preview":"max-image-preview:large","max-video-preview":"max-video-preview:-1"},"canonical":"https:\/\/www.sikati.de\/fr\/produit\/baumscheibentisch-echtholz-unikat\/","og_locale":"fr_FR","og_type":"article","og_title":"Baumscheibentisch, Unikat - Sikat\u00ed","og_description":"%","og_url":"https:\/\/www.sikati.de\/fr\/produit\/baumscheibentisch-echtholz-unikat\/","og_site_name":"Sikat\u00ed","article_publisher":"https:\/\/www.facebook.com\/Arts.Decoration.Style","article_modified_time":"2026-03-21T19:50:03+00:00","og_image":[{"width":2000,"height":2000,"url":"https:\/\/www.sikati.de\/wp-content\/uploads\/2023\/03\/PhotoRoom-20230308_190018_25.png","type":"image\/png"}],"twitter_card":"summary_large_image","twitter_misc":{"Dur\u00e9e de lecture estim\u00e9e":"1 minute"},"schema":{"@context":"https:\/\/schema.org","@graph":[{"@type":"WebPage","@id":"https:\/\/www.sikati.de\/produkt\/baumscheibentisch-echtholz-unikat\/","url":"https:\/\/www.sikati.de\/produkt\/baumscheibentisch-echtholz-unikat\/","name":"Baumscheibentisch, Unikat - Sikat\u00ed","isPartOf":{"@id":"https:\/\/www.sikati.de\/#website"},"primaryImageOfPage":{"@id":"https:\/\/www.sikati.de\/produkt\/baumscheibentisch-echtholz-unikat\/#primaryimage"},"image":{"@id":"https:\/\/www.sikati.de\/produkt\/baumscheibentisch-echtholz-unikat\/#primaryimage"},"thumbnailUrl":"https:\/\/www.sikati.de\/wp-content\/uploads\/2023\/03\/PhotoRoom-20230308_190018_25.png","datePublished":"2023-10-14T17:22:09+00:00","dateModified":"2026-03-21T19:50:03+00:00","description":"%","breadcrumb":{"@id":"https:\/\/www.sikati.de\/produkt\/baumscheibentisch-echtholz-unikat\/#breadcrumb"},"inLanguage":"fr-FR","potentialAction":[{"@type":"ReadAction","target":["https:\/\/www.sikati.de\/produkt\/baumscheibentisch-echtholz-unikat\/"]}]},{"@type":"ImageObject","inLanguage":"fr-FR","@id":"https:\/\/www.sikati.de\/produkt\/baumscheibentisch-echtholz-unikat\/#primaryimage","url":"https:\/\/www.sikati.de\/wp-content\/uploads\/2023\/03\/PhotoRoom-20230308_190018_25.png","contentUrl":"https:\/\/www.sikati.de\/wp-content\/uploads\/2023\/03\/PhotoRoom-20230308_190018_25.png","width":2000,"height":2000},{"@type":"BreadcrumbList","@id":"https:\/\/www.sikati.de\/produkt\/baumscheibentisch-echtholz-unikat\/#breadcrumb","itemListElement":[{"@type":"ListItem","position":1,"name":"Startseite","item":"https:\/\/www.sikati.de\/"},{"@type":"ListItem","position":2,"name":"Produkte","item":"https:\/\/www.sikati.de\/shop\/"},{"@type":"ListItem","position":3,"name":"Baumscheibentisch, Unikat"}]},{"@type":"WebSite","@id":"https:\/\/www.sikati.de\/#website","url":"https:\/\/www.sikati.de\/","name":"Sika\u00ed","description":"Afro Contemporary Fashion &amp; Living","publisher":{"@id":"https:\/\/www.sikati.de\/#organization"},"potentialAction":[{"@type":"SearchAction","target":{"@type":"EntryPoint","urlTemplate":"https:\/\/www.sikati.de\/?s={search_term_string}"},"query-input":{"@type":"PropertyValueSpecification","valueRequired":true,"valueName":"search_term_string"}}],"inLanguage":"fr-FR"},{"@type":"Organization","@id":"https:\/\/www.sikati.de\/#organization","name":"Sika\u00ed","url":"https:\/\/www.sikati.de\/","logo":{"@type":"ImageObject","inLanguage":"fr-FR","@id":"https:\/\/www.sikati.de\/#\/schema\/logo\/image\/","url":"https:\/\/www.sikati.de\/wp-content\/uploads\/2019\/03\/cropped-cropped-sikati-logo.png","contentUrl":"https:\/\/www.sikati.de\/wp-content\/uploads\/2019\/03\/cropped-cropped-sikati-logo.png","width":500,"height":201,"caption":"Sikat\u00ed"},"image":{"@id":"https:\/\/www.sikati.de\/#\/schema\/logo\/image\/"},"sameAs":["https:\/\/www.facebook.com\/Arts.Decoration.Style","https:\/\/www.instagram.com\/sikati_arts\/","https:\/\/www.tiktok.com\/@sikati_arts"]}]}},"_links":{"self":[{"href":"https:\/\/www.sikati.de\/fr\/wp-json\/wp\/v2\/product\/7304","targetHints":{"allow":["GET"]}}],"collection":[{"href":"https:\/\/www.sikati.de\/fr\/wp-json\/wp\/v2\/product"}],"about":[{"href":"https:\/\/www.sikati.de\/fr\/wp-json\/wp\/v2\/types\/product"}],"wp:featuredmedia":[{"embeddable":true,"href":"https:\/\/www.sikati.de\/fr\/wp-json\/wp\/v2\/media\/5441"}],"wp:attachment":[{"href":"https:\/\/www.sikati.de\/fr\/wp-json\/wp\/v2\/media?parent=7304"}],"wp:term":[{"taxonomy":"product_brand","embeddable":true,"href":"https:\/\/www.sikati.de\/fr\/wp-json\/wp\/v2\/product_brand?post=7304"},{"taxonomy":"product_cat","embeddable":true,"href":"https:\/\/www.sikati.de\/fr\/wp-json\/wp\/v2\/product_cat?post=7304"},{"taxonomy":"product_tag","embeddable":true,"href":"https:\/\/www.sikati.de\/fr\/wp-json\/wp\/v2\/product_tag?post=7304"}],"curies":[{"name":"wp","href":"https:\/\/api.w.org\/{rel}","templated":true}]}}