{"id":7421,"date":"2023-10-21T15:58:14","date_gmt":"2023-10-21T13:58:14","guid":{"rendered":"https:\/\/sikati.de\/?post_type=product&#038;p=7421"},"modified":"2026-01-30T09:57:34","modified_gmt":"2026-01-30T08:57:34","slug":"afrikanische-vintage-moebel","status":"publish","type":"product","link":"https:\/\/www.sikati.de\/fr\/produit\/afrikanische-vintage-moebel\/","title":{"rendered":"meubles vintage africains"},"content":{"rendered":"<p>D\u00e9couvrez notre collection exclusive de meubles africains vintage en bois, alliant savoir-faire traditionnel et design intemporel. Chaque pi\u00e8ce, qu&#039;il s&#039;agisse d&#039;un tabouret asante sculpt\u00e9 \u00e0 la main, d&#039;un tabouret majestueux ou d&#039;une table basse minimaliste, raconte une histoire unique de la culture et de l&#039;artisanat africains. Fabriqu\u00e9s en bois massif et orn\u00e9s de sculptures raffin\u00e9es ou arborant un design moderne et durable, ces meubles apportent authenticit\u00e9 et charme exotique \u00e0 votre int\u00e9rieur. Parfaits comme assises fonctionnelles ou comme \u00e9l\u00e9ments de d\u00e9coration \u00e9l\u00e9gants, ils conf\u00e8rent une atmosph\u00e8re particuli\u00e8re \u00e0 chaque pi\u00e8ce et s\u00e9duiront les amateurs de styles vintage et ethniques.<\/p>","protected":false},"excerpt":{"rendered":"<p>Mobilier africain vintage en bois, de style rustique et antique. Tabourets, tables et tr\u00f4nes orn\u00e9s de motifs tribaux uniques. Id\u00e9al pour les amateurs d&#039;antiquit\u00e9s et de culture africaine.<\/p>\n<p>Commandes internationales\u00a0: Des frais de livraison suppl\u00e9mentaires peuvent s\u2019appliquer aux articles volumineux ou lourds. Nous vous contacterons avant l\u2019exp\u00e9dition.\u201c<\/p>\n<p>Pas de facture de TVA, en tant que petite entreprise selon l&#039;article 19 (1) de la loi allemande sur la TVA (UStG).<\/p>","protected":false},"featured_media":7426,"template":"","meta":{"_acf_changed":false},"product_brand":[],"product_cat":[129,131],"product_tag":[1337,1331,1329,1333,1340,1335,1341,1338,1332,1336,1334,1330,1339],"class_list":{"0":"post-7421","1":"product","2":"type-product","3":"status-publish","4":"has-post-thumbnail","6":"product_cat-antik","7":"product_cat-masken-skulpturen","8":"product_tag-afrikanische-moebel","9":"product_tag-afrikanische-sitzmoebel","10":"product_tag-asante-hocker","11":"product_tag-ethnische-moebel","12":"product_tag-ethnische-wohnkultur","13":"product_tag-exotische-holzdekoration","14":"product_tag-exotische-moebelstuecke","15":"product_tag-handgeschnitzter-hocker","16":"product_tag-handgeschnitztes-holz","17":"product_tag-koenigshocker","18":"product_tag-kunsthandwerk-moebel","19":"product_tag-traditioneller-hocker","20":"product_tag-traditionelles-holzhandwerk","22":"first","23":"instock","24":"shipping-taxable","25":"purchasable","26":"product-type-variable"},"acf":[],"yoast_head":"<!-- This site is optimized with the Yoast SEO plugin v27.4 - https:\/\/yoast.com\/product\/yoast-seo-wordpress\/ -->\n<title>Afrikanische Vintage-M\u00f6bel - Sikat\u00ed<\/title>\n<meta name=\"description\" content=\"%\" \/>\n<meta name=\"robots\" content=\"index, follow, max-snippet:-1, max-image-preview:large, max-video-preview:-1\" \/>\n<link rel=\"canonical\" href=\"https:\/\/www.sikati.de\/fr\/produit\/afrikanische-vintage-moebel\/\" \/>\n<meta property=\"og:locale\" content=\"fr_FR\" \/>\n<meta property=\"og:type\" content=\"article\" \/>\n<meta property=\"og:title\" content=\"Afrikanische Vintage-M\u00f6bel - Sikat\u00ed\" \/>\n<meta property=\"og:description\" content=\"%\" \/>\n<meta property=\"og:url\" content=\"https:\/\/www.sikati.de\/fr\/produit\/afrikanische-vintage-moebel\/\" \/>\n<meta property=\"og:site_name\" content=\"Sikat\u00ed\" \/>\n<meta property=\"article:publisher\" content=\"https:\/\/www.facebook.com\/Arts.Decoration.Style\" \/>\n<meta property=\"article:modified_time\" content=\"2026-01-30T08:57:34+00:00\" \/>\n<meta property=\"og:image\" content=\"https:\/\/www.sikati.de\/wp-content\/uploads\/2023\/10\/1.png\" \/>\n\t<meta property=\"og:image:width\" content=\"1024\" \/>\n\t<meta property=\"og:image:height\" content=\"768\" \/>\n\t<meta property=\"og:image:type\" content=\"image\/png\" \/>\n<meta name=\"twitter:card\" content=\"summary_large_image\" \/>\n<meta name=\"twitter:label1\" content=\"Dur\u00e9e de lecture estim\u00e9e\" \/>\n\t<meta name=\"twitter:data1\" content=\"1 minute\" \/>\n<script type=\"application\/ld+json\" class=\"yoast-schema-graph\">{\"@context\":\"https:\\\/\\\/schema.org\",\"@graph\":[{\"@type\":\"WebPage\",\"@id\":\"https:\\\/\\\/www.sikati.de\\\/produkt\\\/afrikanische-vintage-moebel\\\/\",\"url\":\"https:\\\/\\\/www.sikati.de\\\/produkt\\\/afrikanische-vintage-moebel\\\/\",\"name\":\"Afrikanische Vintage-M\u00f6bel - Sikat\u00ed\",\"isPartOf\":{\"@id\":\"https:\\\/\\\/www.sikati.de\\\/#website\"},\"primaryImageOfPage\":{\"@id\":\"https:\\\/\\\/www.sikati.de\\\/produkt\\\/afrikanische-vintage-moebel\\\/#primaryimage\"},\"image\":{\"@id\":\"https:\\\/\\\/www.sikati.de\\\/produkt\\\/afrikanische-vintage-moebel\\\/#primaryimage\"},\"thumbnailUrl\":\"https:\\\/\\\/www.sikati.de\\\/wp-content\\\/uploads\\\/2023\\\/10\\\/1.png\",\"datePublished\":\"2023-10-21T13:58:14+00:00\",\"dateModified\":\"2026-01-30T08:57:34+00:00\",\"description\":\"%\",\"breadcrumb\":{\"@id\":\"https:\\\/\\\/www.sikati.de\\\/produkt\\\/afrikanische-vintage-moebel\\\/#breadcrumb\"},\"inLanguage\":\"fr-FR\",\"potentialAction\":[{\"@type\":\"ReadAction\",\"target\":[\"https:\\\/\\\/www.sikati.de\\\/produkt\\\/afrikanische-vintage-moebel\\\/\"]}]},{\"@type\":\"ImageObject\",\"inLanguage\":\"fr-FR\",\"@id\":\"https:\\\/\\\/www.sikati.de\\\/produkt\\\/afrikanische-vintage-moebel\\\/#primaryimage\",\"url\":\"https:\\\/\\\/www.sikati.de\\\/wp-content\\\/uploads\\\/2023\\\/10\\\/1.png\",\"contentUrl\":\"https:\\\/\\\/www.sikati.de\\\/wp-content\\\/uploads\\\/2023\\\/10\\\/1.png\",\"width\":1024,\"height\":768},{\"@type\":\"BreadcrumbList\",\"@id\":\"https:\\\/\\\/www.sikati.de\\\/produkt\\\/afrikanische-vintage-moebel\\\/#breadcrumb\",\"itemListElement\":[{\"@type\":\"ListItem\",\"position\":1,\"name\":\"Startseite\",\"item\":\"https:\\\/\\\/www.sikati.de\\\/\"},{\"@type\":\"ListItem\",\"position\":2,\"name\":\"Produkte\",\"item\":\"https:\\\/\\\/www.sikati.de\\\/shop\\\/\"},{\"@type\":\"ListItem\",\"position\":3,\"name\":\"Afrikanische Vintage-M\u00f6bel\"}]},{\"@type\":\"WebSite\",\"@id\":\"https:\\\/\\\/www.sikati.de\\\/#website\",\"url\":\"https:\\\/\\\/www.sikati.de\\\/\",\"name\":\"Sikat\u00ed\",\"description\":\"Afro Contemporary Fashion &amp; Living\",\"publisher\":{\"@id\":\"https:\\\/\\\/www.sikati.de\\\/#organization\"},\"potentialAction\":[{\"@type\":\"SearchAction\",\"target\":{\"@type\":\"EntryPoint\",\"urlTemplate\":\"https:\\\/\\\/www.sikati.de\\\/?s={search_term_string}\"},\"query-input\":{\"@type\":\"PropertyValueSpecification\",\"valueRequired\":true,\"valueName\":\"search_term_string\"}}],\"inLanguage\":\"fr-FR\"},{\"@type\":\"Organization\",\"@id\":\"https:\\\/\\\/www.sikati.de\\\/#organization\",\"name\":\"Sikat\u00ed\",\"url\":\"https:\\\/\\\/www.sikati.de\\\/\",\"logo\":{\"@type\":\"ImageObject\",\"inLanguage\":\"fr-FR\",\"@id\":\"https:\\\/\\\/www.sikati.de\\\/#\\\/schema\\\/logo\\\/image\\\/\",\"url\":\"https:\\\/\\\/www.sikati.de\\\/wp-content\\\/uploads\\\/2019\\\/03\\\/cropped-cropped-sikati-logo.png\",\"contentUrl\":\"https:\\\/\\\/www.sikati.de\\\/wp-content\\\/uploads\\\/2019\\\/03\\\/cropped-cropped-sikati-logo.png\",\"width\":500,\"height\":201,\"caption\":\"Sikat\u00ed\"},\"image\":{\"@id\":\"https:\\\/\\\/www.sikati.de\\\/#\\\/schema\\\/logo\\\/image\\\/\"},\"sameAs\":[\"https:\\\/\\\/www.facebook.com\\\/Arts.Decoration.Style\",\"https:\\\/\\\/www.instagram.com\\\/sikati_arts\\\/\",\"https:\\\/\\\/www.tiktok.com\\\/@sikati_arts\"]}]}<\/script>\n<!-- \/ Yoast SEO plugin. -->","yoast_head_json":{"title":"Afrikanische Vintage-M\u00f6bel - Sikat\u00ed","description":"%","robots":{"index":"index","follow":"follow","max-snippet":"max-snippet:-1","max-image-preview":"max-image-preview:large","max-video-preview":"max-video-preview:-1"},"canonical":"https:\/\/www.sikati.de\/fr\/produit\/afrikanische-vintage-moebel\/","og_locale":"fr_FR","og_type":"article","og_title":"Afrikanische Vintage-M\u00f6bel - Sikat\u00ed","og_description":"%","og_url":"https:\/\/www.sikati.de\/fr\/produit\/afrikanische-vintage-moebel\/","og_site_name":"Sikat\u00ed","article_publisher":"https:\/\/www.facebook.com\/Arts.Decoration.Style","article_modified_time":"2026-01-30T08:57:34+00:00","og_image":[{"width":1024,"height":768,"url":"https:\/\/www.sikati.de\/wp-content\/uploads\/2023\/10\/1.png","type":"image\/png"}],"twitter_card":"summary_large_image","twitter_misc":{"Dur\u00e9e de lecture estim\u00e9e":"1 minute"},"schema":{"@context":"https:\/\/schema.org","@graph":[{"@type":"WebPage","@id":"https:\/\/www.sikati.de\/produkt\/afrikanische-vintage-moebel\/","url":"https:\/\/www.sikati.de\/produkt\/afrikanische-vintage-moebel\/","name":"Afrikanische Vintage-M\u00f6bel - Sikat\u00ed","isPartOf":{"@id":"https:\/\/www.sikati.de\/#website"},"primaryImageOfPage":{"@id":"https:\/\/www.sikati.de\/produkt\/afrikanische-vintage-moebel\/#primaryimage"},"image":{"@id":"https:\/\/www.sikati.de\/produkt\/afrikanische-vintage-moebel\/#primaryimage"},"thumbnailUrl":"https:\/\/www.sikati.de\/wp-content\/uploads\/2023\/10\/1.png","datePublished":"2023-10-21T13:58:14+00:00","dateModified":"2026-01-30T08:57:34+00:00","description":"%","breadcrumb":{"@id":"https:\/\/www.sikati.de\/produkt\/afrikanische-vintage-moebel\/#breadcrumb"},"inLanguage":"fr-FR","potentialAction":[{"@type":"ReadAction","target":["https:\/\/www.sikati.de\/produkt\/afrikanische-vintage-moebel\/"]}]},{"@type":"ImageObject","inLanguage":"fr-FR","@id":"https:\/\/www.sikati.de\/produkt\/afrikanische-vintage-moebel\/#primaryimage","url":"https:\/\/www.sikati.de\/wp-content\/uploads\/2023\/10\/1.png","contentUrl":"https:\/\/www.sikati.de\/wp-content\/uploads\/2023\/10\/1.png","width":1024,"height":768},{"@type":"BreadcrumbList","@id":"https:\/\/www.sikati.de\/produkt\/afrikanische-vintage-moebel\/#breadcrumb","itemListElement":[{"@type":"ListItem","position":1,"name":"Startseite","item":"https:\/\/www.sikati.de\/"},{"@type":"ListItem","position":2,"name":"Produkte","item":"https:\/\/www.sikati.de\/shop\/"},{"@type":"ListItem","position":3,"name":"Afrikanische Vintage-M\u00f6bel"}]},{"@type":"WebSite","@id":"https:\/\/www.sikati.de\/#website","url":"https:\/\/www.sikati.de\/","name":"Sika\u00ed","description":"Afro Contemporary Fashion &amp; Living","publisher":{"@id":"https:\/\/www.sikati.de\/#organization"},"potentialAction":[{"@type":"SearchAction","target":{"@type":"EntryPoint","urlTemplate":"https:\/\/www.sikati.de\/?s={search_term_string}"},"query-input":{"@type":"PropertyValueSpecification","valueRequired":true,"valueName":"search_term_string"}}],"inLanguage":"fr-FR"},{"@type":"Organization","@id":"https:\/\/www.sikati.de\/#organization","name":"Sika\u00ed","url":"https:\/\/www.sikati.de\/","logo":{"@type":"ImageObject","inLanguage":"fr-FR","@id":"https:\/\/www.sikati.de\/#\/schema\/logo\/image\/","url":"https:\/\/www.sikati.de\/wp-content\/uploads\/2019\/03\/cropped-cropped-sikati-logo.png","contentUrl":"https:\/\/www.sikati.de\/wp-content\/uploads\/2019\/03\/cropped-cropped-sikati-logo.png","width":500,"height":201,"caption":"Sikat\u00ed"},"image":{"@id":"https:\/\/www.sikati.de\/#\/schema\/logo\/image\/"},"sameAs":["https:\/\/www.facebook.com\/Arts.Decoration.Style","https:\/\/www.instagram.com\/sikati_arts\/","https:\/\/www.tiktok.com\/@sikati_arts"]}]}},"_links":{"self":[{"href":"https:\/\/www.sikati.de\/fr\/wp-json\/wp\/v2\/product\/7421","targetHints":{"allow":["GET"]}}],"collection":[{"href":"https:\/\/www.sikati.de\/fr\/wp-json\/wp\/v2\/product"}],"about":[{"href":"https:\/\/www.sikati.de\/fr\/wp-json\/wp\/v2\/types\/product"}],"wp:featuredmedia":[{"embeddable":true,"href":"https:\/\/www.sikati.de\/fr\/wp-json\/wp\/v2\/media\/7426"}],"wp:attachment":[{"href":"https:\/\/www.sikati.de\/fr\/wp-json\/wp\/v2\/media?parent=7421"}],"wp:term":[{"taxonomy":"product_brand","embeddable":true,"href":"https:\/\/www.sikati.de\/fr\/wp-json\/wp\/v2\/product_brand?post=7421"},{"taxonomy":"product_cat","embeddable":true,"href":"https:\/\/www.sikati.de\/fr\/wp-json\/wp\/v2\/product_cat?post=7421"},{"taxonomy":"product_tag","embeddable":true,"href":"https:\/\/www.sikati.de\/fr\/wp-json\/wp\/v2\/product_tag?post=7421"}],"curies":[{"name":"wp","href":"https:\/\/api.w.org\/{rel}","templated":true}]}}