{"id":7627,"date":"2023-10-21T23:05:49","date_gmt":"2023-10-21T21:05:49","guid":{"rendered":"https:\/\/sikati.de\/?post_type=product&#038;p=7627"},"modified":"2026-03-21T20:54:35","modified_gmt":"2026-03-21T19:54:35","slug":"afrikanische-fang-maske-antik","status":"publish","type":"product","link":"https:\/\/www.sikati.de\/fr\/product\/afrikanische-fang-maske-antik\/","title":{"rendered":"Vintage Masken"},"content":{"rendered":"<p>Tauchen Sie ein in die faszinierende Welt der afrikanischen Kunst mit unseren exquisiten Vintage Wandmasken! Jede Maske erz\u00e4hlt eine einzigartige Geschichte, die durch die sorgf\u00e4ltige Verwendung von Materialien wie Holz, Messing, Kaurimuscheln und funkelnden Glasperlen zum Leben erweckt wird. Diese handgefertigten Meisterwerke sind nicht nur ein Ausdruck von Kultur und Tradition, sondern auch ein echter Hingucker in jedem Raum. Lassen Sie sich von der Sch\u00f6nheit und dem Charme dieser Masken verzaubern und bringen Sie ein St\u00fcck afrikanisches Erbe in Ihr Zuhause!<\/p>","protected":false},"excerpt":{"rendered":"<p>Afrikanische Vintage Wandmasken aus Holz, Messing, Kaurimuscheln und Glasperlen. Handgefertigt, authentisch und ein echtes Kunstwerk f\u00fcr Ihr Zuhause!<\/p>\n<p>Pas de facture de TVA, en tant que petite entreprise selon l&#039;article 19 (1) de la loi allemande sur la TVA (UStG).<\/p>","protected":false},"featured_media":7664,"template":"","meta":{"_acf_changed":false},"product_brand":[],"product_cat":[722,131],"product_tag":[751,719,683,718,750,757,720],"class_list":{"0":"post-7627","1":"product","2":"type-product","3":"status-publish","4":"has-post-thumbnail","6":"product_cat-masken","7":"product_cat-masken-skulpturen","8":"product_tag-afrikanische-maske","9":"product_tag-glasperlen","10":"product_tag-holz","11":"product_tag-kaurimuscheln","12":"product_tag-maske","13":"product_tag-vintage-maske","14":"product_tag-wandmaske","16":"first","17":"instock","18":"sale","19":"shipping-taxable","20":"purchasable","21":"product-type-variable"},"acf":[],"yoast_head":"<!-- This site is optimized with the Yoast SEO plugin v27.3 - https:\/\/yoast.com\/product\/yoast-seo-wordpress\/ -->\n<title>Vintage Masken - Sikat\u00ed<\/title>\n<meta name=\"description\" content=\"Original Fang Maske XL aus Afrika \u2013 antik &amp; handgeschnitzt. Ein Highlight f\u00fcr Sammler, Afro-Dekofans &amp; stilvolle R\u00e4ume. Jetzt einzigartiges St\u00fcck sichern!\" \/>\n<meta name=\"robots\" content=\"index, follow, max-snippet:-1, max-image-preview:large, max-video-preview:-1\" \/>\n<link rel=\"canonical\" href=\"https:\/\/www.sikati.de\/fr\/product\/afrikanische-fang-maske-antik\/\" \/>\n<meta property=\"og:locale\" content=\"fr_FR\" \/>\n<meta property=\"og:type\" content=\"article\" \/>\n<meta property=\"og:title\" content=\"Vintage Masken - Sikat\u00ed\" \/>\n<meta property=\"og:description\" content=\"Original Fang Maske XL aus Afrika \u2013 antik &amp; handgeschnitzt. Ein Highlight f\u00fcr Sammler, Afro-Dekofans &amp; stilvolle R\u00e4ume. Jetzt einzigartiges St\u00fcck sichern!\" \/>\n<meta property=\"og:url\" content=\"https:\/\/www.sikati.de\/fr\/product\/afrikanische-fang-maske-antik\/\" \/>\n<meta property=\"og:site_name\" content=\"Sikat\u00ed\" \/>\n<meta property=\"article:publisher\" content=\"https:\/\/www.facebook.com\/Arts.Decoration.Style\" \/>\n<meta property=\"article:modified_time\" content=\"2026-03-21T19:54:35+00:00\" \/>\n<meta property=\"og:image\" content=\"https:\/\/www.sikati.de\/wp-content\/uploads\/2023\/10\/1-34.png\" \/>\n\t<meta property=\"og:image:width\" content=\"2000\" \/>\n\t<meta property=\"og:image:height\" content=\"2000\" \/>\n\t<meta property=\"og:image:type\" content=\"image\/png\" \/>\n<meta name=\"twitter:card\" content=\"summary_large_image\" \/>\n<meta name=\"twitter:label1\" content=\"Est. reading time\" \/>\n\t<meta name=\"twitter:data1\" content=\"1 minute\" \/>\n<script type=\"application\/ld+json\" class=\"yoast-schema-graph\">{\"@context\":\"https:\\\/\\\/schema.org\",\"@graph\":[{\"@type\":\"WebPage\",\"@id\":\"https:\\\/\\\/www.sikati.de\\\/produkt\\\/afrikanische-fang-maske-antik\\\/\",\"url\":\"https:\\\/\\\/www.sikati.de\\\/produkt\\\/afrikanische-fang-maske-antik\\\/\",\"name\":\"Vintage Masken - Sikat\u00ed\",\"isPartOf\":{\"@id\":\"https:\\\/\\\/www.sikati.de\\\/#website\"},\"primaryImageOfPage\":{\"@id\":\"https:\\\/\\\/www.sikati.de\\\/produkt\\\/afrikanische-fang-maske-antik\\\/#primaryimage\"},\"image\":{\"@id\":\"https:\\\/\\\/www.sikati.de\\\/produkt\\\/afrikanische-fang-maske-antik\\\/#primaryimage\"},\"thumbnailUrl\":\"https:\\\/\\\/www.sikati.de\\\/wp-content\\\/uploads\\\/2023\\\/10\\\/1-34.png\",\"datePublished\":\"2023-10-21T21:05:49+00:00\",\"dateModified\":\"2026-03-21T19:54:35+00:00\",\"description\":\"Original Fang Maske XL aus Afrika \u2013 antik & handgeschnitzt. Ein Highlight f\u00fcr Sammler, Afro-Dekofans & stilvolle R\u00e4ume. Jetzt einzigartiges St\u00fcck sichern!\",\"breadcrumb\":{\"@id\":\"https:\\\/\\\/www.sikati.de\\\/produkt\\\/afrikanische-fang-maske-antik\\\/#breadcrumb\"},\"inLanguage\":\"fr-FR\",\"potentialAction\":[{\"@type\":\"ReadAction\",\"target\":[\"https:\\\/\\\/www.sikati.de\\\/produkt\\\/afrikanische-fang-maske-antik\\\/\"]}]},{\"@type\":\"ImageObject\",\"inLanguage\":\"fr-FR\",\"@id\":\"https:\\\/\\\/www.sikati.de\\\/produkt\\\/afrikanische-fang-maske-antik\\\/#primaryimage\",\"url\":\"https:\\\/\\\/www.sikati.de\\\/wp-content\\\/uploads\\\/2023\\\/10\\\/1-34.png\",\"contentUrl\":\"https:\\\/\\\/www.sikati.de\\\/wp-content\\\/uploads\\\/2023\\\/10\\\/1-34.png\",\"width\":2000,\"height\":2000},{\"@type\":\"BreadcrumbList\",\"@id\":\"https:\\\/\\\/www.sikati.de\\\/produkt\\\/afrikanische-fang-maske-antik\\\/#breadcrumb\",\"itemListElement\":[{\"@type\":\"ListItem\",\"position\":1,\"name\":\"Startseite\",\"item\":\"https:\\\/\\\/www.sikati.de\\\/\"},{\"@type\":\"ListItem\",\"position\":2,\"name\":\"Produkte\",\"item\":\"https:\\\/\\\/www.sikati.de\\\/shop\\\/\"},{\"@type\":\"ListItem\",\"position\":3,\"name\":\"Vintage Masken\"}]},{\"@type\":\"WebSite\",\"@id\":\"https:\\\/\\\/www.sikati.de\\\/#website\",\"url\":\"https:\\\/\\\/www.sikati.de\\\/\",\"name\":\"Sikat\u00ed\",\"description\":\"Afro Contemporary Fashion &amp; Living\",\"publisher\":{\"@id\":\"https:\\\/\\\/www.sikati.de\\\/#organization\"},\"potentialAction\":[{\"@type\":\"SearchAction\",\"target\":{\"@type\":\"EntryPoint\",\"urlTemplate\":\"https:\\\/\\\/www.sikati.de\\\/?s={search_term_string}\"},\"query-input\":{\"@type\":\"PropertyValueSpecification\",\"valueRequired\":true,\"valueName\":\"search_term_string\"}}],\"inLanguage\":\"fr-FR\"},{\"@type\":\"Organization\",\"@id\":\"https:\\\/\\\/www.sikati.de\\\/#organization\",\"name\":\"Sikat\u00ed\",\"url\":\"https:\\\/\\\/www.sikati.de\\\/\",\"logo\":{\"@type\":\"ImageObject\",\"inLanguage\":\"fr-FR\",\"@id\":\"https:\\\/\\\/www.sikati.de\\\/#\\\/schema\\\/logo\\\/image\\\/\",\"url\":\"https:\\\/\\\/www.sikati.de\\\/wp-content\\\/uploads\\\/2019\\\/03\\\/cropped-cropped-sikati-logo.png\",\"contentUrl\":\"https:\\\/\\\/www.sikati.de\\\/wp-content\\\/uploads\\\/2019\\\/03\\\/cropped-cropped-sikati-logo.png\",\"width\":500,\"height\":201,\"caption\":\"Sikat\u00ed\"},\"image\":{\"@id\":\"https:\\\/\\\/www.sikati.de\\\/#\\\/schema\\\/logo\\\/image\\\/\"},\"sameAs\":[\"https:\\\/\\\/www.facebook.com\\\/Arts.Decoration.Style\",\"https:\\\/\\\/www.instagram.com\\\/sikati_arts\\\/\",\"https:\\\/\\\/www.tiktok.com\\\/@sikati_arts\"]}]}<\/script>\n<!-- \/ Yoast SEO plugin. -->","yoast_head_json":{"title":"Vintage Masken - Sikat\u00ed","description":"Original Fang Maske XL aus Afrika \u2013 antik & handgeschnitzt. Ein Highlight f\u00fcr Sammler, Afro-Dekofans & stilvolle R\u00e4ume. Jetzt einzigartiges St\u00fcck sichern!","robots":{"index":"index","follow":"follow","max-snippet":"max-snippet:-1","max-image-preview":"max-image-preview:large","max-video-preview":"max-video-preview:-1"},"canonical":"https:\/\/www.sikati.de\/fr\/product\/afrikanische-fang-maske-antik\/","og_locale":"fr_FR","og_type":"article","og_title":"Vintage Masken - Sikat\u00ed","og_description":"Original Fang Maske XL aus Afrika \u2013 antik & handgeschnitzt. Ein Highlight f\u00fcr Sammler, Afro-Dekofans & stilvolle R\u00e4ume. Jetzt einzigartiges St\u00fcck sichern!","og_url":"https:\/\/www.sikati.de\/fr\/product\/afrikanische-fang-maske-antik\/","og_site_name":"Sikat\u00ed","article_publisher":"https:\/\/www.facebook.com\/Arts.Decoration.Style","article_modified_time":"2026-03-21T19:54:35+00:00","og_image":[{"width":2000,"height":2000,"url":"https:\/\/www.sikati.de\/wp-content\/uploads\/2023\/10\/1-34.png","type":"image\/png"}],"twitter_card":"summary_large_image","twitter_misc":{"Est. reading time":"1 minute"},"schema":{"@context":"https:\/\/schema.org","@graph":[{"@type":"WebPage","@id":"https:\/\/www.sikati.de\/produkt\/afrikanische-fang-maske-antik\/","url":"https:\/\/www.sikati.de\/produkt\/afrikanische-fang-maske-antik\/","name":"Vintage Masken - Sikat\u00ed","isPartOf":{"@id":"https:\/\/www.sikati.de\/#website"},"primaryImageOfPage":{"@id":"https:\/\/www.sikati.de\/produkt\/afrikanische-fang-maske-antik\/#primaryimage"},"image":{"@id":"https:\/\/www.sikati.de\/produkt\/afrikanische-fang-maske-antik\/#primaryimage"},"thumbnailUrl":"https:\/\/www.sikati.de\/wp-content\/uploads\/2023\/10\/1-34.png","datePublished":"2023-10-21T21:05:49+00:00","dateModified":"2026-03-21T19:54:35+00:00","description":"Original Fang Maske XL aus Afrika \u2013 antik & handgeschnitzt. Ein Highlight f\u00fcr Sammler, Afro-Dekofans & stilvolle R\u00e4ume. Jetzt einzigartiges St\u00fcck sichern!","breadcrumb":{"@id":"https:\/\/www.sikati.de\/produkt\/afrikanische-fang-maske-antik\/#breadcrumb"},"inLanguage":"fr-FR","potentialAction":[{"@type":"ReadAction","target":["https:\/\/www.sikati.de\/produkt\/afrikanische-fang-maske-antik\/"]}]},{"@type":"ImageObject","inLanguage":"fr-FR","@id":"https:\/\/www.sikati.de\/produkt\/afrikanische-fang-maske-antik\/#primaryimage","url":"https:\/\/www.sikati.de\/wp-content\/uploads\/2023\/10\/1-34.png","contentUrl":"https:\/\/www.sikati.de\/wp-content\/uploads\/2023\/10\/1-34.png","width":2000,"height":2000},{"@type":"BreadcrumbList","@id":"https:\/\/www.sikati.de\/produkt\/afrikanische-fang-maske-antik\/#breadcrumb","itemListElement":[{"@type":"ListItem","position":1,"name":"Startseite","item":"https:\/\/www.sikati.de\/"},{"@type":"ListItem","position":2,"name":"Produkte","item":"https:\/\/www.sikati.de\/shop\/"},{"@type":"ListItem","position":3,"name":"Vintage Masken"}]},{"@type":"WebSite","@id":"https:\/\/www.sikati.de\/#website","url":"https:\/\/www.sikati.de\/","name":"Sika\u00ed","description":"Afro Contemporary Fashion &amp; Living","publisher":{"@id":"https:\/\/www.sikati.de\/#organization"},"potentialAction":[{"@type":"SearchAction","target":{"@type":"EntryPoint","urlTemplate":"https:\/\/www.sikati.de\/?s={search_term_string}"},"query-input":{"@type":"PropertyValueSpecification","valueRequired":true,"valueName":"search_term_string"}}],"inLanguage":"fr-FR"},{"@type":"Organization","@id":"https:\/\/www.sikati.de\/#organization","name":"Sika\u00ed","url":"https:\/\/www.sikati.de\/","logo":{"@type":"ImageObject","inLanguage":"fr-FR","@id":"https:\/\/www.sikati.de\/#\/schema\/logo\/image\/","url":"https:\/\/www.sikati.de\/wp-content\/uploads\/2019\/03\/cropped-cropped-sikati-logo.png","contentUrl":"https:\/\/www.sikati.de\/wp-content\/uploads\/2019\/03\/cropped-cropped-sikati-logo.png","width":500,"height":201,"caption":"Sikat\u00ed"},"image":{"@id":"https:\/\/www.sikati.de\/#\/schema\/logo\/image\/"},"sameAs":["https:\/\/www.facebook.com\/Arts.Decoration.Style","https:\/\/www.instagram.com\/sikati_arts\/","https:\/\/www.tiktok.com\/@sikati_arts"]}]}},"_links":{"self":[{"href":"https:\/\/www.sikati.de\/fr\/wp-json\/wp\/v2\/product\/7627","targetHints":{"allow":["GET"]}}],"collection":[{"href":"https:\/\/www.sikati.de\/fr\/wp-json\/wp\/v2\/product"}],"about":[{"href":"https:\/\/www.sikati.de\/fr\/wp-json\/wp\/v2\/types\/product"}],"wp:featuredmedia":[{"embeddable":true,"href":"https:\/\/www.sikati.de\/fr\/wp-json\/wp\/v2\/media\/7664"}],"wp:attachment":[{"href":"https:\/\/www.sikati.de\/fr\/wp-json\/wp\/v2\/media?parent=7627"}],"wp:term":[{"taxonomy":"product_brand","embeddable":true,"href":"https:\/\/www.sikati.de\/fr\/wp-json\/wp\/v2\/product_brand?post=7627"},{"taxonomy":"product_cat","embeddable":true,"href":"https:\/\/www.sikati.de\/fr\/wp-json\/wp\/v2\/product_cat?post=7627"},{"taxonomy":"product_tag","embeddable":true,"href":"https:\/\/www.sikati.de\/fr\/wp-json\/wp\/v2\/product_tag?post=7627"}],"curies":[{"name":"wp","href":"https:\/\/api.w.org\/{rel}","templated":true}]}}