{"id":7637,"date":"2023-10-22T10:45:50","date_gmt":"2023-10-22T08:45:50","guid":{"rendered":"https:\/\/sikati.de\/?post_type=product&#038;p=7637"},"modified":"2026-03-21T21:07:16","modified_gmt":"2026-03-21T20:07:16","slug":"holzmasken-mit-kobo-muenzen-bronze-und-kaurimuscheln","status":"publish","type":"product","link":"https:\/\/www.sikati.de\/fr\/produit\/holzmasken-mit-kobo-muenzen-bronze-und-kaurimuscheln\/","title":{"rendered":"Masques en bois orn\u00e9s de pi\u00e8ces de kobo, de bronze et de coquillages cauris"},"content":{"rendered":"<p>Plongez dans l&#039;univers fascinant de l&#039;art africain avec notre exquis masque mural en bois, orn\u00e9 d&#039;authentiques pi\u00e8ces de kobo, de bronze scintillant et de coquillages cauris lustr\u00e9s. Chaque masque est minutieusement r\u00e9alis\u00e9 \u00e0 la main, chaque d\u00e9tail refl\u00e9tant la richesse de l&#039;histoire et de la culture africaines. Le bois lui conf\u00e8re un charme rustique, tandis que les pi\u00e8ces de kobo et les coquillages cauris y ajoutent une touche d&#039;\u00e9l\u00e9gance et de myst\u00e8re. Ce masque mural est bien plus qu&#039;un simple objet d\u00e9coratif\u00a0: il t\u00e9moigne du patrimoine et du savoir-faire du continent africain. Illuminez votre int\u00e9rieur avec ce masque mural unique\u00a0!<\/p>","protected":false},"excerpt":{"rendered":"<p>D\u00e9couvrez la beaut\u00e9 unique de l&#039;art traditionnel africain \u00e0 travers des masques en bois sculpt\u00e9s \u00e0 la main et orn\u00e9s de pi\u00e8ces de kobo, de bronze et de coquillages cauris. Ces masques incarnent la culture et l&#039;histoire et constituent d&#039;\u00e9l\u00e9gants objets de d\u00e9coration pour votre int\u00e9rieur. Ils raviront les collectionneurs et les amateurs d&#039;artisanat africain.<\/p>\n<p>Pas de facture de TVA, en tant que petite entreprise selon l&#039;article 19 (1) de la loi allemande sur la TVA (UStG).<\/p>","protected":false},"featured_media":7647,"template":"","meta":{"_acf_changed":false},"product_brand":[],"product_cat":[722,131],"product_tag":[1418,1417,753,1415,1411,1416,1409,1410,1413,1412,1414,720],"class_list":{"0":"post-7637","1":"product","2":"type-product","3":"status-publish","4":"has-post-thumbnail","6":"product_cat-masken","7":"product_cat-masken-skulpturen","8":"product_tag-afrikanische-dekoration","9":"product_tag-afrikanische-masken","10":"product_tag-afro-vintage","11":"product_tag-antike-masken","12":"product_tag-bronzeverzierte-masken","13":"product_tag-handgefertigte-masken","14":"product_tag-holzmasken","15":"product_tag-kaurimuschel-masken","16":"product_tag-kobo-muenzen-masken","17":"product_tag-sammlermasken","18":"product_tag-traditionelle-masken","19":"product_tag-wandmaske","21":"first","22":"instock","23":"sale","24":"shipping-taxable","25":"purchasable","26":"product-type-variable"},"acf":[],"yoast_head":"<!-- This site is optimized with the Yoast SEO plugin v27.3 - https:\/\/yoast.com\/product\/yoast-seo-wordpress\/ -->\n<title>Holzmasken mit Kobo-M\u00fcnzen, Bronze und Kaurimuscheln - Sikat\u00ed<\/title>\n<meta name=\"description\" content=\"%\" \/>\n<meta name=\"robots\" content=\"index, follow, max-snippet:-1, max-image-preview:large, max-video-preview:-1\" \/>\n<link rel=\"canonical\" href=\"https:\/\/www.sikati.de\/fr\/produit\/holzmasken-mit-kobo-muenzen-bronze-und-kaurimuscheln\/\" \/>\n<meta property=\"og:locale\" content=\"fr_FR\" \/>\n<meta property=\"og:type\" content=\"article\" \/>\n<meta property=\"og:title\" content=\"Holzmasken mit Kobo-M\u00fcnzen, Bronze und Kaurimuscheln - Sikat\u00ed\" \/>\n<meta property=\"og:description\" content=\"%\" \/>\n<meta property=\"og:url\" content=\"https:\/\/www.sikati.de\/fr\/produit\/holzmasken-mit-kobo-muenzen-bronze-und-kaurimuscheln\/\" \/>\n<meta property=\"og:site_name\" content=\"Sikat\u00ed\" \/>\n<meta property=\"article:publisher\" content=\"https:\/\/www.facebook.com\/Arts.Decoration.Style\" \/>\n<meta property=\"article:modified_time\" content=\"2026-03-21T20:07:16+00:00\" \/>\n<meta property=\"og:image\" content=\"https:\/\/www.sikati.de\/wp-content\/uploads\/2023\/10\/1-32.png\" \/>\n\t<meta property=\"og:image:width\" content=\"2000\" \/>\n\t<meta property=\"og:image:height\" content=\"2000\" \/>\n\t<meta property=\"og:image:type\" content=\"image\/png\" \/>\n<meta name=\"twitter:card\" content=\"summary_large_image\" \/>\n<meta name=\"twitter:label1\" content=\"Dur\u00e9e de lecture estim\u00e9e\" \/>\n\t<meta name=\"twitter:data1\" content=\"1 minute\" \/>\n<script type=\"application\/ld+json\" class=\"yoast-schema-graph\">{\"@context\":\"https:\\\/\\\/schema.org\",\"@graph\":[{\"@type\":\"WebPage\",\"@id\":\"https:\\\/\\\/www.sikati.de\\\/produkt\\\/holzmasken-mit-kobo-muenzen-bronze-und-kaurimuscheln\\\/\",\"url\":\"https:\\\/\\\/www.sikati.de\\\/produkt\\\/holzmasken-mit-kobo-muenzen-bronze-und-kaurimuscheln\\\/\",\"name\":\"Holzmasken mit Kobo-M\u00fcnzen, Bronze und Kaurimuscheln - Sikat\u00ed\",\"isPartOf\":{\"@id\":\"https:\\\/\\\/www.sikati.de\\\/#website\"},\"primaryImageOfPage\":{\"@id\":\"https:\\\/\\\/www.sikati.de\\\/produkt\\\/holzmasken-mit-kobo-muenzen-bronze-und-kaurimuscheln\\\/#primaryimage\"},\"image\":{\"@id\":\"https:\\\/\\\/www.sikati.de\\\/produkt\\\/holzmasken-mit-kobo-muenzen-bronze-und-kaurimuscheln\\\/#primaryimage\"},\"thumbnailUrl\":\"https:\\\/\\\/www.sikati.de\\\/wp-content\\\/uploads\\\/2023\\\/10\\\/1-32.png\",\"datePublished\":\"2023-10-22T08:45:50+00:00\",\"dateModified\":\"2026-03-21T20:07:16+00:00\",\"description\":\"%\",\"breadcrumb\":{\"@id\":\"https:\\\/\\\/www.sikati.de\\\/produkt\\\/holzmasken-mit-kobo-muenzen-bronze-und-kaurimuscheln\\\/#breadcrumb\"},\"inLanguage\":\"fr-FR\",\"potentialAction\":[{\"@type\":\"ReadAction\",\"target\":[\"https:\\\/\\\/www.sikati.de\\\/produkt\\\/holzmasken-mit-kobo-muenzen-bronze-und-kaurimuscheln\\\/\"]}]},{\"@type\":\"ImageObject\",\"inLanguage\":\"fr-FR\",\"@id\":\"https:\\\/\\\/www.sikati.de\\\/produkt\\\/holzmasken-mit-kobo-muenzen-bronze-und-kaurimuscheln\\\/#primaryimage\",\"url\":\"https:\\\/\\\/www.sikati.de\\\/wp-content\\\/uploads\\\/2023\\\/10\\\/1-32.png\",\"contentUrl\":\"https:\\\/\\\/www.sikati.de\\\/wp-content\\\/uploads\\\/2023\\\/10\\\/1-32.png\",\"width\":2000,\"height\":2000},{\"@type\":\"BreadcrumbList\",\"@id\":\"https:\\\/\\\/www.sikati.de\\\/produkt\\\/holzmasken-mit-kobo-muenzen-bronze-und-kaurimuscheln\\\/#breadcrumb\",\"itemListElement\":[{\"@type\":\"ListItem\",\"position\":1,\"name\":\"Startseite\",\"item\":\"https:\\\/\\\/www.sikati.de\\\/\"},{\"@type\":\"ListItem\",\"position\":2,\"name\":\"Produkte\",\"item\":\"https:\\\/\\\/www.sikati.de\\\/shop\\\/\"},{\"@type\":\"ListItem\",\"position\":3,\"name\":\"Holzmasken mit Kobo-M\u00fcnzen, Bronze und Kaurimuscheln\"}]},{\"@type\":\"WebSite\",\"@id\":\"https:\\\/\\\/www.sikati.de\\\/#website\",\"url\":\"https:\\\/\\\/www.sikati.de\\\/\",\"name\":\"Sikat\u00ed\",\"description\":\"Afro Contemporary Fashion &amp; Living\",\"publisher\":{\"@id\":\"https:\\\/\\\/www.sikati.de\\\/#organization\"},\"potentialAction\":[{\"@type\":\"SearchAction\",\"target\":{\"@type\":\"EntryPoint\",\"urlTemplate\":\"https:\\\/\\\/www.sikati.de\\\/?s={search_term_string}\"},\"query-input\":{\"@type\":\"PropertyValueSpecification\",\"valueRequired\":true,\"valueName\":\"search_term_string\"}}],\"inLanguage\":\"fr-FR\"},{\"@type\":\"Organization\",\"@id\":\"https:\\\/\\\/www.sikati.de\\\/#organization\",\"name\":\"Sikat\u00ed\",\"url\":\"https:\\\/\\\/www.sikati.de\\\/\",\"logo\":{\"@type\":\"ImageObject\",\"inLanguage\":\"fr-FR\",\"@id\":\"https:\\\/\\\/www.sikati.de\\\/#\\\/schema\\\/logo\\\/image\\\/\",\"url\":\"https:\\\/\\\/www.sikati.de\\\/wp-content\\\/uploads\\\/2019\\\/03\\\/cropped-cropped-sikati-logo.png\",\"contentUrl\":\"https:\\\/\\\/www.sikati.de\\\/wp-content\\\/uploads\\\/2019\\\/03\\\/cropped-cropped-sikati-logo.png\",\"width\":500,\"height\":201,\"caption\":\"Sikat\u00ed\"},\"image\":{\"@id\":\"https:\\\/\\\/www.sikati.de\\\/#\\\/schema\\\/logo\\\/image\\\/\"},\"sameAs\":[\"https:\\\/\\\/www.facebook.com\\\/Arts.Decoration.Style\",\"https:\\\/\\\/www.instagram.com\\\/sikati_arts\\\/\",\"https:\\\/\\\/www.tiktok.com\\\/@sikati_arts\"]}]}<\/script>\n<!-- \/ Yoast SEO plugin. -->","yoast_head_json":{"title":"Holzmasken mit Kobo-M\u00fcnzen, Bronze und Kaurimuscheln - Sikat\u00ed","description":"%","robots":{"index":"index","follow":"follow","max-snippet":"max-snippet:-1","max-image-preview":"max-image-preview:large","max-video-preview":"max-video-preview:-1"},"canonical":"https:\/\/www.sikati.de\/fr\/produit\/holzmasken-mit-kobo-muenzen-bronze-und-kaurimuscheln\/","og_locale":"fr_FR","og_type":"article","og_title":"Holzmasken mit Kobo-M\u00fcnzen, Bronze und Kaurimuscheln - Sikat\u00ed","og_description":"%","og_url":"https:\/\/www.sikati.de\/fr\/produit\/holzmasken-mit-kobo-muenzen-bronze-und-kaurimuscheln\/","og_site_name":"Sikat\u00ed","article_publisher":"https:\/\/www.facebook.com\/Arts.Decoration.Style","article_modified_time":"2026-03-21T20:07:16+00:00","og_image":[{"width":2000,"height":2000,"url":"https:\/\/www.sikati.de\/wp-content\/uploads\/2023\/10\/1-32.png","type":"image\/png"}],"twitter_card":"summary_large_image","twitter_misc":{"Dur\u00e9e de lecture estim\u00e9e":"1 minute"},"schema":{"@context":"https:\/\/schema.org","@graph":[{"@type":"WebPage","@id":"https:\/\/www.sikati.de\/produkt\/holzmasken-mit-kobo-muenzen-bronze-und-kaurimuscheln\/","url":"https:\/\/www.sikati.de\/produkt\/holzmasken-mit-kobo-muenzen-bronze-und-kaurimuscheln\/","name":"Holzmasken mit Kobo-M\u00fcnzen, Bronze und Kaurimuscheln - Sikat\u00ed","isPartOf":{"@id":"https:\/\/www.sikati.de\/#website"},"primaryImageOfPage":{"@id":"https:\/\/www.sikati.de\/produkt\/holzmasken-mit-kobo-muenzen-bronze-und-kaurimuscheln\/#primaryimage"},"image":{"@id":"https:\/\/www.sikati.de\/produkt\/holzmasken-mit-kobo-muenzen-bronze-und-kaurimuscheln\/#primaryimage"},"thumbnailUrl":"https:\/\/www.sikati.de\/wp-content\/uploads\/2023\/10\/1-32.png","datePublished":"2023-10-22T08:45:50+00:00","dateModified":"2026-03-21T20:07:16+00:00","description":"%","breadcrumb":{"@id":"https:\/\/www.sikati.de\/produkt\/holzmasken-mit-kobo-muenzen-bronze-und-kaurimuscheln\/#breadcrumb"},"inLanguage":"fr-FR","potentialAction":[{"@type":"ReadAction","target":["https:\/\/www.sikati.de\/produkt\/holzmasken-mit-kobo-muenzen-bronze-und-kaurimuscheln\/"]}]},{"@type":"ImageObject","inLanguage":"fr-FR","@id":"https:\/\/www.sikati.de\/produkt\/holzmasken-mit-kobo-muenzen-bronze-und-kaurimuscheln\/#primaryimage","url":"https:\/\/www.sikati.de\/wp-content\/uploads\/2023\/10\/1-32.png","contentUrl":"https:\/\/www.sikati.de\/wp-content\/uploads\/2023\/10\/1-32.png","width":2000,"height":2000},{"@type":"BreadcrumbList","@id":"https:\/\/www.sikati.de\/produkt\/holzmasken-mit-kobo-muenzen-bronze-und-kaurimuscheln\/#breadcrumb","itemListElement":[{"@type":"ListItem","position":1,"name":"Startseite","item":"https:\/\/www.sikati.de\/"},{"@type":"ListItem","position":2,"name":"Produkte","item":"https:\/\/www.sikati.de\/shop\/"},{"@type":"ListItem","position":3,"name":"Holzmasken mit Kobo-M\u00fcnzen, Bronze und Kaurimuscheln"}]},{"@type":"WebSite","@id":"https:\/\/www.sikati.de\/#website","url":"https:\/\/www.sikati.de\/","name":"Sika\u00ed","description":"Afro Contemporary Fashion &amp; Living","publisher":{"@id":"https:\/\/www.sikati.de\/#organization"},"potentialAction":[{"@type":"SearchAction","target":{"@type":"EntryPoint","urlTemplate":"https:\/\/www.sikati.de\/?s={search_term_string}"},"query-input":{"@type":"PropertyValueSpecification","valueRequired":true,"valueName":"search_term_string"}}],"inLanguage":"fr-FR"},{"@type":"Organization","@id":"https:\/\/www.sikati.de\/#organization","name":"Sika\u00ed","url":"https:\/\/www.sikati.de\/","logo":{"@type":"ImageObject","inLanguage":"fr-FR","@id":"https:\/\/www.sikati.de\/#\/schema\/logo\/image\/","url":"https:\/\/www.sikati.de\/wp-content\/uploads\/2019\/03\/cropped-cropped-sikati-logo.png","contentUrl":"https:\/\/www.sikati.de\/wp-content\/uploads\/2019\/03\/cropped-cropped-sikati-logo.png","width":500,"height":201,"caption":"Sikat\u00ed"},"image":{"@id":"https:\/\/www.sikati.de\/#\/schema\/logo\/image\/"},"sameAs":["https:\/\/www.facebook.com\/Arts.Decoration.Style","https:\/\/www.instagram.com\/sikati_arts\/","https:\/\/www.tiktok.com\/@sikati_arts"]}]}},"_links":{"self":[{"href":"https:\/\/www.sikati.de\/fr\/wp-json\/wp\/v2\/product\/7637","targetHints":{"allow":["GET"]}}],"collection":[{"href":"https:\/\/www.sikati.de\/fr\/wp-json\/wp\/v2\/product"}],"about":[{"href":"https:\/\/www.sikati.de\/fr\/wp-json\/wp\/v2\/types\/product"}],"wp:featuredmedia":[{"embeddable":true,"href":"https:\/\/www.sikati.de\/fr\/wp-json\/wp\/v2\/media\/7647"}],"wp:attachment":[{"href":"https:\/\/www.sikati.de\/fr\/wp-json\/wp\/v2\/media?parent=7637"}],"wp:term":[{"taxonomy":"product_brand","embeddable":true,"href":"https:\/\/www.sikati.de\/fr\/wp-json\/wp\/v2\/product_brand?post=7637"},{"taxonomy":"product_cat","embeddable":true,"href":"https:\/\/www.sikati.de\/fr\/wp-json\/wp\/v2\/product_cat?post=7637"},{"taxonomy":"product_tag","embeddable":true,"href":"https:\/\/www.sikati.de\/fr\/wp-json\/wp\/v2\/product_tag?post=7637"}],"curies":[{"name":"wp","href":"https:\/\/api.w.org\/{rel}","templated":true}]}}