{"id":7691,"date":"2023-10-22T11:23:04","date_gmt":"2023-10-22T09:23:04","guid":{"rendered":"https:\/\/sikati.de\/?post_type=product&#038;p=7691"},"modified":"2026-03-21T21:38:38","modified_gmt":"2026-03-21T20:38:38","slug":"dekorative-masken","status":"publish","type":"product","link":"https:\/\/www.sikati.de\/fr\/produit\/dekorative-masken\/","title":{"rendered":"Masques d\u00e9coratifs"},"content":{"rendered":"<p>Tauchen Sie ein in die faszinierende Welt der afrikanischen Kunst mit unserer exquisiten Wandmaske aus hochwertigem Holz! Jede Maske ist ein handgefertigtes Meisterwerk, das die reiche Kultur und Tradition Afrikas widerspiegelt. Die feinen Details und das robuste Holzmaterial garantieren nicht nur Langlebigkeit, sondern auch einen Hauch von Eleganz und Exotik in Ihrem Zuhause. Lassen Sie sich von der Magie Afrikas verzaubern und bringen Sie mit dieser Wandmaske ein St\u00fcck Geschichte und Kultur in Ihre vier W\u00e4nde!<\/p>","protected":false},"excerpt":{"rendered":"<p>Entdecken Sie unsere Sammlung authentischer afrikanischer Masken, darunter die kraftvolle Songye Maske aus dem Kongo, die elegante Fang Maske aus Gabun, die kunstvolle Punu Maske und die detailreiche Tikar Maske aus Kamerun. Jede Maske erz\u00e4hlt eine eigene Geschichte und repr\u00e4sentiert die reiche kulturelle Tradition und das Handwerk ihres Stammes. Perfekt f\u00fcr Sammler und Liebhaber afrikanischer Kunst, verleihen diese handgefertigten Masken Ihrem Raum einen Hauch von Geschichte und Authentizit\u00e4t.<\/p>\n<p>Pas de facture de TVA, en tant que petite entreprise selon l&#039;article 19 (1) de la loi allemande sur la TVA (UStG).<\/p>","protected":false},"featured_media":7723,"template":"","meta":{"_acf_changed":false},"product_brand":[],"product_cat":[722,131],"product_tag":[1385,1382,969,751,1395,1379,1375,1406,1389,1403,1393,752,1391,1390,1384,1388,1386,1392,1400,1397,1378,750,1381,1394,1399,1396,1380,1374,1377,1383,1408,1405,1402,1407,1387,1401,1376,1404,720,1398],"class_list":{"0":"post-7691","1":"product","2":"type-product","3":"status-publish","4":"has-post-thumbnail","6":"product_cat-masken","7":"product_cat-masken-skulpturen","8":"product_tag-afrikanische-fang-maske","9":"product_tag-afrikanische-holzmaske","10":"product_tag-afrikanische-kunst","11":"product_tag-afrikanische-maske","12":"product_tag-afrikanische-punu-maske","13":"product_tag-afrikanische-ritualmaske","14":"product_tag-afrikanische-songye-maske","15":"product_tag-afrikanische-stammeskunst","16":"product_tag-afrikanische-stammesmaske","17":"product_tag-afrikanische-tikar-maske","18":"product_tag-afrikanische-zeremonienmaske","19":"product_tag-afrikanisches-holz","20":"product_tag-fang-holzmaske","21":"product_tag-fang-kunst","22":"product_tag-fang-maske","23":"product_tag-fang-ritualmaske","24":"product_tag-gabun-fang-maske","25":"product_tag-gabun-kunsthandwerk","26":"product_tag-gabun-masken","27":"product_tag-gabun-punu-maske","28":"product_tag-kifwebe-maske","29":"product_tag-maske","30":"product_tag-masken-aus-dem-kongo","31":"product_tag-punu-maske","32":"product_tag-punu-ritualmaske","33":"product_tag-punu-stammesmaske","34":"product_tag-songye-kunst","35":"product_tag-songye-maske","36":"product_tag-songye-stammesmaske","37":"product_tag-songye-zeremonienmaske","38":"product_tag-tikar-holzmaske","39":"product_tag-tikar-kunsthandwerk","40":"product_tag-tikar-maske","41":"product_tag-tikar-ritualmaske","42":"product_tag-traditionelle-fang-maske","43":"product_tag-traditionelle-punu-kunst","44":"product_tag-traditionelle-songye-maske","45":"product_tag-traditionelle-tikar-maske","46":"product_tag-wandmaske","47":"product_tag-weisse-punu-maske","49":"first","50":"instock","51":"sale","52":"shipping-taxable","53":"purchasable","54":"product-type-variable"},"acf":[],"yoast_head":"<!-- This site is optimized with the Yoast SEO plugin v27.3 - https:\/\/yoast.com\/product\/yoast-seo-wordpress\/ -->\n<title>Dekorative Masken - Sikat\u00ed<\/title>\n<meta name=\"description\" content=\"%\" \/>\n<meta name=\"robots\" content=\"index, follow, max-snippet:-1, max-image-preview:large, max-video-preview:-1\" \/>\n<link rel=\"canonical\" href=\"https:\/\/www.sikati.de\/fr\/produit\/dekorative-masken\/\" \/>\n<meta property=\"og:locale\" content=\"fr_FR\" \/>\n<meta property=\"og:type\" content=\"article\" \/>\n<meta property=\"og:title\" content=\"Dekorative Masken - Sikat\u00ed\" \/>\n<meta property=\"og:description\" content=\"%\" \/>\n<meta property=\"og:url\" content=\"https:\/\/www.sikati.de\/fr\/produit\/dekorative-masken\/\" \/>\n<meta property=\"og:site_name\" content=\"Sikat\u00ed\" \/>\n<meta property=\"article:publisher\" content=\"https:\/\/www.facebook.com\/Arts.Decoration.Style\" \/>\n<meta property=\"article:modified_time\" content=\"2026-03-21T20:38:38+00:00\" \/>\n<meta property=\"og:image\" content=\"https:\/\/www.sikati.de\/wp-content\/uploads\/2023\/10\/1-46.png\" \/>\n\t<meta property=\"og:image:width\" content=\"2000\" \/>\n\t<meta property=\"og:image:height\" content=\"2000\" \/>\n\t<meta property=\"og:image:type\" content=\"image\/png\" \/>\n<meta name=\"twitter:card\" content=\"summary_large_image\" \/>\n<meta name=\"twitter:label1\" content=\"Dur\u00e9e de lecture estim\u00e9e\" \/>\n\t<meta name=\"twitter:data1\" content=\"1 minute\" \/>\n<script type=\"application\/ld+json\" class=\"yoast-schema-graph\">{\"@context\":\"https:\\\/\\\/schema.org\",\"@graph\":[{\"@type\":\"WebPage\",\"@id\":\"https:\\\/\\\/www.sikati.de\\\/produkt\\\/dekorative-masken\\\/\",\"url\":\"https:\\\/\\\/www.sikati.de\\\/produkt\\\/dekorative-masken\\\/\",\"name\":\"Dekorative Masken - Sikat\u00ed\",\"isPartOf\":{\"@id\":\"https:\\\/\\\/www.sikati.de\\\/#website\"},\"primaryImageOfPage\":{\"@id\":\"https:\\\/\\\/www.sikati.de\\\/produkt\\\/dekorative-masken\\\/#primaryimage\"},\"image\":{\"@id\":\"https:\\\/\\\/www.sikati.de\\\/produkt\\\/dekorative-masken\\\/#primaryimage\"},\"thumbnailUrl\":\"https:\\\/\\\/www.sikati.de\\\/wp-content\\\/uploads\\\/2023\\\/10\\\/1-46.png\",\"datePublished\":\"2023-10-22T09:23:04+00:00\",\"dateModified\":\"2026-03-21T20:38:38+00:00\",\"description\":\"%\",\"breadcrumb\":{\"@id\":\"https:\\\/\\\/www.sikati.de\\\/produkt\\\/dekorative-masken\\\/#breadcrumb\"},\"inLanguage\":\"fr-FR\",\"potentialAction\":[{\"@type\":\"ReadAction\",\"target\":[\"https:\\\/\\\/www.sikati.de\\\/produkt\\\/dekorative-masken\\\/\"]}]},{\"@type\":\"ImageObject\",\"inLanguage\":\"fr-FR\",\"@id\":\"https:\\\/\\\/www.sikati.de\\\/produkt\\\/dekorative-masken\\\/#primaryimage\",\"url\":\"https:\\\/\\\/www.sikati.de\\\/wp-content\\\/uploads\\\/2023\\\/10\\\/1-46.png\",\"contentUrl\":\"https:\\\/\\\/www.sikati.de\\\/wp-content\\\/uploads\\\/2023\\\/10\\\/1-46.png\",\"width\":2000,\"height\":2000},{\"@type\":\"BreadcrumbList\",\"@id\":\"https:\\\/\\\/www.sikati.de\\\/produkt\\\/dekorative-masken\\\/#breadcrumb\",\"itemListElement\":[{\"@type\":\"ListItem\",\"position\":1,\"name\":\"Startseite\",\"item\":\"https:\\\/\\\/www.sikati.de\\\/\"},{\"@type\":\"ListItem\",\"position\":2,\"name\":\"Produkte\",\"item\":\"https:\\\/\\\/www.sikati.de\\\/shop\\\/\"},{\"@type\":\"ListItem\",\"position\":3,\"name\":\"Dekorative Masken\"}]},{\"@type\":\"WebSite\",\"@id\":\"https:\\\/\\\/www.sikati.de\\\/#website\",\"url\":\"https:\\\/\\\/www.sikati.de\\\/\",\"name\":\"Sikat\u00ed\",\"description\":\"Afro Contemporary Fashion &amp; Living\",\"publisher\":{\"@id\":\"https:\\\/\\\/www.sikati.de\\\/#organization\"},\"potentialAction\":[{\"@type\":\"SearchAction\",\"target\":{\"@type\":\"EntryPoint\",\"urlTemplate\":\"https:\\\/\\\/www.sikati.de\\\/?s={search_term_string}\"},\"query-input\":{\"@type\":\"PropertyValueSpecification\",\"valueRequired\":true,\"valueName\":\"search_term_string\"}}],\"inLanguage\":\"fr-FR\"},{\"@type\":\"Organization\",\"@id\":\"https:\\\/\\\/www.sikati.de\\\/#organization\",\"name\":\"Sikat\u00ed\",\"url\":\"https:\\\/\\\/www.sikati.de\\\/\",\"logo\":{\"@type\":\"ImageObject\",\"inLanguage\":\"fr-FR\",\"@id\":\"https:\\\/\\\/www.sikati.de\\\/#\\\/schema\\\/logo\\\/image\\\/\",\"url\":\"https:\\\/\\\/www.sikati.de\\\/wp-content\\\/uploads\\\/2019\\\/03\\\/cropped-cropped-sikati-logo.png\",\"contentUrl\":\"https:\\\/\\\/www.sikati.de\\\/wp-content\\\/uploads\\\/2019\\\/03\\\/cropped-cropped-sikati-logo.png\",\"width\":500,\"height\":201,\"caption\":\"Sikat\u00ed\"},\"image\":{\"@id\":\"https:\\\/\\\/www.sikati.de\\\/#\\\/schema\\\/logo\\\/image\\\/\"},\"sameAs\":[\"https:\\\/\\\/www.facebook.com\\\/Arts.Decoration.Style\",\"https:\\\/\\\/www.instagram.com\\\/sikati_arts\\\/\",\"https:\\\/\\\/www.tiktok.com\\\/@sikati_arts\"]}]}<\/script>\n<!-- \/ Yoast SEO plugin. -->","yoast_head_json":{"title":"Dekorative Masken - Sikat\u00ed","description":"%","robots":{"index":"index","follow":"follow","max-snippet":"max-snippet:-1","max-image-preview":"max-image-preview:large","max-video-preview":"max-video-preview:-1"},"canonical":"https:\/\/www.sikati.de\/fr\/produit\/dekorative-masken\/","og_locale":"fr_FR","og_type":"article","og_title":"Dekorative Masken - Sikat\u00ed","og_description":"%","og_url":"https:\/\/www.sikati.de\/fr\/produit\/dekorative-masken\/","og_site_name":"Sikat\u00ed","article_publisher":"https:\/\/www.facebook.com\/Arts.Decoration.Style","article_modified_time":"2026-03-21T20:38:38+00:00","og_image":[{"width":2000,"height":2000,"url":"https:\/\/www.sikati.de\/wp-content\/uploads\/2023\/10\/1-46.png","type":"image\/png"}],"twitter_card":"summary_large_image","twitter_misc":{"Dur\u00e9e de lecture estim\u00e9e":"1 minute"},"schema":{"@context":"https:\/\/schema.org","@graph":[{"@type":"WebPage","@id":"https:\/\/www.sikati.de\/produkt\/dekorative-masken\/","url":"https:\/\/www.sikati.de\/produkt\/dekorative-masken\/","name":"Dekorative Masken - Sikat\u00ed","isPartOf":{"@id":"https:\/\/www.sikati.de\/#website"},"primaryImageOfPage":{"@id":"https:\/\/www.sikati.de\/produkt\/dekorative-masken\/#primaryimage"},"image":{"@id":"https:\/\/www.sikati.de\/produkt\/dekorative-masken\/#primaryimage"},"thumbnailUrl":"https:\/\/www.sikati.de\/wp-content\/uploads\/2023\/10\/1-46.png","datePublished":"2023-10-22T09:23:04+00:00","dateModified":"2026-03-21T20:38:38+00:00","description":"%","breadcrumb":{"@id":"https:\/\/www.sikati.de\/produkt\/dekorative-masken\/#breadcrumb"},"inLanguage":"fr-FR","potentialAction":[{"@type":"ReadAction","target":["https:\/\/www.sikati.de\/produkt\/dekorative-masken\/"]}]},{"@type":"ImageObject","inLanguage":"fr-FR","@id":"https:\/\/www.sikati.de\/produkt\/dekorative-masken\/#primaryimage","url":"https:\/\/www.sikati.de\/wp-content\/uploads\/2023\/10\/1-46.png","contentUrl":"https:\/\/www.sikati.de\/wp-content\/uploads\/2023\/10\/1-46.png","width":2000,"height":2000},{"@type":"BreadcrumbList","@id":"https:\/\/www.sikati.de\/produkt\/dekorative-masken\/#breadcrumb","itemListElement":[{"@type":"ListItem","position":1,"name":"Startseite","item":"https:\/\/www.sikati.de\/"},{"@type":"ListItem","position":2,"name":"Produkte","item":"https:\/\/www.sikati.de\/shop\/"},{"@type":"ListItem","position":3,"name":"Dekorative Masken"}]},{"@type":"WebSite","@id":"https:\/\/www.sikati.de\/#website","url":"https:\/\/www.sikati.de\/","name":"Sika\u00ed","description":"Afro Contemporary Fashion &amp; Living","publisher":{"@id":"https:\/\/www.sikati.de\/#organization"},"potentialAction":[{"@type":"SearchAction","target":{"@type":"EntryPoint","urlTemplate":"https:\/\/www.sikati.de\/?s={search_term_string}"},"query-input":{"@type":"PropertyValueSpecification","valueRequired":true,"valueName":"search_term_string"}}],"inLanguage":"fr-FR"},{"@type":"Organization","@id":"https:\/\/www.sikati.de\/#organization","name":"Sika\u00ed","url":"https:\/\/www.sikati.de\/","logo":{"@type":"ImageObject","inLanguage":"fr-FR","@id":"https:\/\/www.sikati.de\/#\/schema\/logo\/image\/","url":"https:\/\/www.sikati.de\/wp-content\/uploads\/2019\/03\/cropped-cropped-sikati-logo.png","contentUrl":"https:\/\/www.sikati.de\/wp-content\/uploads\/2019\/03\/cropped-cropped-sikati-logo.png","width":500,"height":201,"caption":"Sikat\u00ed"},"image":{"@id":"https:\/\/www.sikati.de\/#\/schema\/logo\/image\/"},"sameAs":["https:\/\/www.facebook.com\/Arts.Decoration.Style","https:\/\/www.instagram.com\/sikati_arts\/","https:\/\/www.tiktok.com\/@sikati_arts"]}]}},"_links":{"self":[{"href":"https:\/\/www.sikati.de\/fr\/wp-json\/wp\/v2\/product\/7691","targetHints":{"allow":["GET"]}}],"collection":[{"href":"https:\/\/www.sikati.de\/fr\/wp-json\/wp\/v2\/product"}],"about":[{"href":"https:\/\/www.sikati.de\/fr\/wp-json\/wp\/v2\/types\/product"}],"wp:featuredmedia":[{"embeddable":true,"href":"https:\/\/www.sikati.de\/fr\/wp-json\/wp\/v2\/media\/7723"}],"wp:attachment":[{"href":"https:\/\/www.sikati.de\/fr\/wp-json\/wp\/v2\/media?parent=7691"}],"wp:term":[{"taxonomy":"product_brand","embeddable":true,"href":"https:\/\/www.sikati.de\/fr\/wp-json\/wp\/v2\/product_brand?post=7691"},{"taxonomy":"product_cat","embeddable":true,"href":"https:\/\/www.sikati.de\/fr\/wp-json\/wp\/v2\/product_cat?post=7691"},{"taxonomy":"product_tag","embeddable":true,"href":"https:\/\/www.sikati.de\/fr\/wp-json\/wp\/v2\/product_tag?post=7691"}],"curies":[{"name":"wp","href":"https:\/\/api.w.org\/{rel}","templated":true}]}}