{"id":8256,"date":"2023-11-26T20:29:35","date_gmt":"2023-11-26T19:29:35","guid":{"rendered":"https:\/\/sikati.de\/?post_type=product&#038;p=8256"},"modified":"2025-09-21T02:20:57","modified_gmt":"2025-09-21T00:20:57","slug":"allround-rucksaecke","status":"publish","type":"product","link":"https:\/\/www.sikati.de\/fr\/produit\/allround-rucksaecke\/","title":{"rendered":"Sac \u00e0 dos Bloom Heritage"},"content":{"rendered":"<div class=\"wpaicg-chat-shortcode-content\">\n<p>Le sac \u00e0 dos Bloom Heritage est un compagnon du quotidien plein de peps, inspir\u00e9 par la richesse de la culture africaine. Confectionn\u00e9 dans des mat\u00e9riaux r\u00e9sistants, il arbore un motif floral \u00e9clatant qui respire la fra\u00eecheur et le dynamisme. L&#039;alliance d&#039;un tissu robuste et de bretelles ajustables garantit confort et durabilit\u00e9. Ce sac \u00e0 dos est dot\u00e9 d&#039;un grand compartiment principal avec fermeture \u00e0 cordon, d&#039;un rabat \u00e0 boucle et d&#039;une poche avant suppl\u00e9mentaire pour vos petits objets essentiels. Id\u00e9al pour les loisirs, l&#039;\u00e9cole ou les voyages.<\/p>\n<p>Dimensions (H x L) : 35 x 28<br \/>\nMati\u00e8re : Tissu, textile, aspect cuir<br \/>\nCouleurs : jaune, vert, orange, rouge, violet<br \/>\nConseils d&#039;entretien\u00a0: Ne pas laver, ne pas blanchir<br \/>\nD\u00e9tails\u00a0: Compartiment int\u00e9rieur, poche avant, boucle<br \/>\nUtilisations : Bureau, universit\u00e9, \u00e9cole, courts s\u00e9jours<\/p>\n<\/div>","protected":false},"excerpt":{"rendered":"<p>Sac \u00e0 dos color\u00e9 \u00e0 motifs floraux, fabriqu\u00e9 \u00e0 la main en Afrique \u2013 id\u00e9al pour les loisirs, l&#039;\u00e9cole et les voyages.<\/p>\n<p>Pas de facture de TVA, en tant que petite entreprise selon l&#039;article 19 (1) de la loi allemande sur la TVA (UStG).<\/p>","protected":false},"featured_media":0,"template":"","meta":{"_acf_changed":false},"product_brand":[],"product_cat":[337,198],"product_tag":[1484,997,1494,1493,1489,1487,1496,1485,1495],"class_list":{"0":"post-8256","1":"product","2":"type-product","3":"status-publish","5":"product_cat-rucksacke-brusttaschen","6":"product_cat-taschen","7":"product_tag-afrikanische-handwerkskunst","8":"product_tag-alltagsbegleiter","9":"product_tag-farbenfrohes-muster","10":"product_tag-florales-design","11":"product_tag-freizeitrucksack","12":"product_tag-handgemacht-in-afrika","13":"product_tag-kulturelles-accessoire","14":"product_tag-moderner-rucksack","15":"product_tag-strapazierfaehiger-rucksack","17":"first","18":"instock","19":"shipping-taxable","20":"purchasable","21":"product-type-simple"},"acf":[],"yoast_head":"<!-- This site is optimized with the Yoast SEO plugin v27.4 - https:\/\/yoast.com\/product\/yoast-seo-wordpress\/ -->\n<title>Bloom Heritage Rucksack - Sikat\u00ed<\/title>\n<meta name=\"description\" content=\"%\" \/>\n<meta name=\"robots\" content=\"index, follow, max-snippet:-1, max-image-preview:large, max-video-preview:-1\" \/>\n<link rel=\"canonical\" href=\"https:\/\/www.sikati.de\/fr\/produit\/allround-rucksaecke\/\" \/>\n<meta property=\"og:locale\" content=\"fr_FR\" \/>\n<meta property=\"og:type\" content=\"article\" \/>\n<meta property=\"og:title\" content=\"Bloom Heritage Rucksack - Sikat\u00ed\" \/>\n<meta property=\"og:description\" content=\"%\" \/>\n<meta property=\"og:url\" content=\"https:\/\/www.sikati.de\/fr\/produit\/allround-rucksaecke\/\" \/>\n<meta property=\"og:site_name\" content=\"Sikat\u00ed\" \/>\n<meta property=\"article:publisher\" content=\"https:\/\/www.facebook.com\/Arts.Decoration.Style\" \/>\n<meta property=\"article:modified_time\" content=\"2025-09-21T00:20:57+00:00\" \/>\n<meta name=\"twitter:card\" content=\"summary_large_image\" \/>\n<meta name=\"twitter:label1\" content=\"Dur\u00e9e de lecture estim\u00e9e\" \/>\n\t<meta name=\"twitter:data1\" content=\"1 minute\" \/>\n<script type=\"application\/ld+json\" class=\"yoast-schema-graph\">{\"@context\":\"https:\\\/\\\/schema.org\",\"@graph\":[{\"@type\":\"WebPage\",\"@id\":\"https:\\\/\\\/www.sikati.de\\\/produkt\\\/allround-rucksaecke\\\/\",\"url\":\"https:\\\/\\\/www.sikati.de\\\/produkt\\\/allround-rucksaecke\\\/\",\"name\":\"Bloom Heritage Rucksack - Sikat\u00ed\",\"isPartOf\":{\"@id\":\"https:\\\/\\\/www.sikati.de\\\/#website\"},\"datePublished\":\"2023-11-26T19:29:35+00:00\",\"dateModified\":\"2025-09-21T00:20:57+00:00\",\"description\":\"%\",\"breadcrumb\":{\"@id\":\"https:\\\/\\\/www.sikati.de\\\/produkt\\\/allround-rucksaecke\\\/#breadcrumb\"},\"inLanguage\":\"fr-FR\",\"potentialAction\":[{\"@type\":\"ReadAction\",\"target\":[\"https:\\\/\\\/www.sikati.de\\\/produkt\\\/allround-rucksaecke\\\/\"]}]},{\"@type\":\"BreadcrumbList\",\"@id\":\"https:\\\/\\\/www.sikati.de\\\/produkt\\\/allround-rucksaecke\\\/#breadcrumb\",\"itemListElement\":[{\"@type\":\"ListItem\",\"position\":1,\"name\":\"Startseite\",\"item\":\"https:\\\/\\\/www.sikati.de\\\/\"},{\"@type\":\"ListItem\",\"position\":2,\"name\":\"Produkte\",\"item\":\"https:\\\/\\\/www.sikati.de\\\/shop\\\/\"},{\"@type\":\"ListItem\",\"position\":3,\"name\":\"Bloom Heritage Rucksack\"}]},{\"@type\":\"WebSite\",\"@id\":\"https:\\\/\\\/www.sikati.de\\\/#website\",\"url\":\"https:\\\/\\\/www.sikati.de\\\/\",\"name\":\"Sikat\u00ed\",\"description\":\"Afro Contemporary Fashion &amp; Living\",\"publisher\":{\"@id\":\"https:\\\/\\\/www.sikati.de\\\/#organization\"},\"potentialAction\":[{\"@type\":\"SearchAction\",\"target\":{\"@type\":\"EntryPoint\",\"urlTemplate\":\"https:\\\/\\\/www.sikati.de\\\/?s={search_term_string}\"},\"query-input\":{\"@type\":\"PropertyValueSpecification\",\"valueRequired\":true,\"valueName\":\"search_term_string\"}}],\"inLanguage\":\"fr-FR\"},{\"@type\":\"Organization\",\"@id\":\"https:\\\/\\\/www.sikati.de\\\/#organization\",\"name\":\"Sikat\u00ed\",\"url\":\"https:\\\/\\\/www.sikati.de\\\/\",\"logo\":{\"@type\":\"ImageObject\",\"inLanguage\":\"fr-FR\",\"@id\":\"https:\\\/\\\/www.sikati.de\\\/#\\\/schema\\\/logo\\\/image\\\/\",\"url\":\"https:\\\/\\\/www.sikati.de\\\/wp-content\\\/uploads\\\/2019\\\/03\\\/cropped-cropped-sikati-logo.png\",\"contentUrl\":\"https:\\\/\\\/www.sikati.de\\\/wp-content\\\/uploads\\\/2019\\\/03\\\/cropped-cropped-sikati-logo.png\",\"width\":500,\"height\":201,\"caption\":\"Sikat\u00ed\"},\"image\":{\"@id\":\"https:\\\/\\\/www.sikati.de\\\/#\\\/schema\\\/logo\\\/image\\\/\"},\"sameAs\":[\"https:\\\/\\\/www.facebook.com\\\/Arts.Decoration.Style\",\"https:\\\/\\\/www.instagram.com\\\/sikati_arts\\\/\",\"https:\\\/\\\/www.tiktok.com\\\/@sikati_arts\"]}]}<\/script>\n<!-- \/ Yoast SEO plugin. -->","yoast_head_json":{"title":"Bloom Heritage Rucksack - Sikat\u00ed","description":"%","robots":{"index":"index","follow":"follow","max-snippet":"max-snippet:-1","max-image-preview":"max-image-preview:large","max-video-preview":"max-video-preview:-1"},"canonical":"https:\/\/www.sikati.de\/fr\/produit\/allround-rucksaecke\/","og_locale":"fr_FR","og_type":"article","og_title":"Bloom Heritage Rucksack - Sikat\u00ed","og_description":"%","og_url":"https:\/\/www.sikati.de\/fr\/produit\/allround-rucksaecke\/","og_site_name":"Sikat\u00ed","article_publisher":"https:\/\/www.facebook.com\/Arts.Decoration.Style","article_modified_time":"2025-09-21T00:20:57+00:00","twitter_card":"summary_large_image","twitter_misc":{"Dur\u00e9e de lecture estim\u00e9e":"1 minute"},"schema":{"@context":"https:\/\/schema.org","@graph":[{"@type":"WebPage","@id":"https:\/\/www.sikati.de\/produkt\/allround-rucksaecke\/","url":"https:\/\/www.sikati.de\/produkt\/allround-rucksaecke\/","name":"Bloom Heritage Rucksack - Sikat\u00ed","isPartOf":{"@id":"https:\/\/www.sikati.de\/#website"},"datePublished":"2023-11-26T19:29:35+00:00","dateModified":"2025-09-21T00:20:57+00:00","description":"%","breadcrumb":{"@id":"https:\/\/www.sikati.de\/produkt\/allround-rucksaecke\/#breadcrumb"},"inLanguage":"fr-FR","potentialAction":[{"@type":"ReadAction","target":["https:\/\/www.sikati.de\/produkt\/allround-rucksaecke\/"]}]},{"@type":"BreadcrumbList","@id":"https:\/\/www.sikati.de\/produkt\/allround-rucksaecke\/#breadcrumb","itemListElement":[{"@type":"ListItem","position":1,"name":"Startseite","item":"https:\/\/www.sikati.de\/"},{"@type":"ListItem","position":2,"name":"Produkte","item":"https:\/\/www.sikati.de\/shop\/"},{"@type":"ListItem","position":3,"name":"Bloom Heritage Rucksack"}]},{"@type":"WebSite","@id":"https:\/\/www.sikati.de\/#website","url":"https:\/\/www.sikati.de\/","name":"Sika\u00ed","description":"Afro Contemporary Fashion &amp; Living","publisher":{"@id":"https:\/\/www.sikati.de\/#organization"},"potentialAction":[{"@type":"SearchAction","target":{"@type":"EntryPoint","urlTemplate":"https:\/\/www.sikati.de\/?s={search_term_string}"},"query-input":{"@type":"PropertyValueSpecification","valueRequired":true,"valueName":"search_term_string"}}],"inLanguage":"fr-FR"},{"@type":"Organization","@id":"https:\/\/www.sikati.de\/#organization","name":"Sika\u00ed","url":"https:\/\/www.sikati.de\/","logo":{"@type":"ImageObject","inLanguage":"fr-FR","@id":"https:\/\/www.sikati.de\/#\/schema\/logo\/image\/","url":"https:\/\/www.sikati.de\/wp-content\/uploads\/2019\/03\/cropped-cropped-sikati-logo.png","contentUrl":"https:\/\/www.sikati.de\/wp-content\/uploads\/2019\/03\/cropped-cropped-sikati-logo.png","width":500,"height":201,"caption":"Sikat\u00ed"},"image":{"@id":"https:\/\/www.sikati.de\/#\/schema\/logo\/image\/"},"sameAs":["https:\/\/www.facebook.com\/Arts.Decoration.Style","https:\/\/www.instagram.com\/sikati_arts\/","https:\/\/www.tiktok.com\/@sikati_arts"]}]}},"_links":{"self":[{"href":"https:\/\/www.sikati.de\/fr\/wp-json\/wp\/v2\/product\/8256","targetHints":{"allow":["GET"]}}],"collection":[{"href":"https:\/\/www.sikati.de\/fr\/wp-json\/wp\/v2\/product"}],"about":[{"href":"https:\/\/www.sikati.de\/fr\/wp-json\/wp\/v2\/types\/product"}],"wp:attachment":[{"href":"https:\/\/www.sikati.de\/fr\/wp-json\/wp\/v2\/media?parent=8256"}],"wp:term":[{"taxonomy":"product_brand","embeddable":true,"href":"https:\/\/www.sikati.de\/fr\/wp-json\/wp\/v2\/product_brand?post=8256"},{"taxonomy":"product_cat","embeddable":true,"href":"https:\/\/www.sikati.de\/fr\/wp-json\/wp\/v2\/product_cat?post=8256"},{"taxonomy":"product_tag","embeddable":true,"href":"https:\/\/www.sikati.de\/fr\/wp-json\/wp\/v2\/product_tag?post=8256"}],"curies":[{"name":"wp","href":"https:\/\/api.w.org\/{rel}","templated":true}]}}