{"id":8632,"date":"2024-01-04T01:41:57","date_gmt":"2024-01-04T00:41:57","guid":{"rendered":"https:\/\/sikati.de\/?post_type=product&#038;p=8632"},"modified":"2024-08-27T20:33:30","modified_gmt":"2024-08-27T18:33:30","slug":"accessoires-2","status":"publish","type":"product","link":"https:\/\/www.sikati.de\/fr\/produit\/accessoires-2\/","title":{"rendered":"mortier d\u00e9coratif"},"content":{"rendered":"<p>Ce mortier et ce pilon sont fabriqu\u00e9s en bois massif robuste et durable, reconnu pour sa qualit\u00e9 et sa long\u00e9vit\u00e9. Le bois conf\u00e8re au mortier un aspect rustique et naturel qui en fait un v\u00e9ritable atout pour toute cuisine.<\/p>\n<p>Le mortier et le pilon sont parfaits pour broyer et moudre herbes, \u00e9pices, graines, noix, pur\u00e9es, l\u00e9gumes et autres aliments. Leur bol profond et leur pilon robuste permettent de broyer et de moudre efficacement et facilement divers ingr\u00e9dients afin d&#039;en lib\u00e9rer les ar\u00f4mes et les saveurs.<\/p>\n<p>Chaque mortier est fabriqu\u00e9 artisanalement, ce qui peut entra\u00eener de l\u00e9g\u00e8res variations dans le grain et la couleur du bois. Cette singularit\u00e9 fait de chaque mortier une \u0153uvre d&#039;art unique.<\/p>\n<p>Pour assurer la long\u00e9vit\u00e9 de votre mortier et de votre pilon, nous vous recommandons de les laver \u00e0 la main et de les s\u00e9cher soigneusement apr\u00e8s chaque utilisation. L&#039;application occasionnelle d&#039;huile de cuisson contribuera \u00e0 prot\u00e9ger le bois et \u00e0 pr\u00e9server sa beaut\u00e9 naturelle.<\/p>\n<p>Utilis\u00e9 comme ustensile de cuisine pratique ou comme \u00e9l\u00e9ment d\u00e9coratif, ce mortier africain en bois v\u00e9ritable est un ajout unique \u00e0 toute cuisine, alliant fonctionnalit\u00e9 et savoir-faire traditionnel.<\/p>","protected":false},"excerpt":{"rendered":"<p>Notre mortier africain artisanal est un objet polyvalent qui peut servir \u00e0 la fois d&#039;ustensile de cuisine et d&#039;\u00e9l\u00e9ment d\u00e9coratif. Fabriqu\u00e9 en bois massif de haute qualit\u00e9, ce mortier allie savoir-faire traditionnel et \u00e9l\u00e9gance fonctionnelle. Confectionn\u00e9 avec soin et minutie par des artisans qualifi\u00e9s, il refl\u00e8te l&#039;authenticit\u00e9 de la culture et du patrimoine africains.<\/p>\n<p>Pas de facture de TVA, en tant que petite entreprise selon l&#039;article 19 (1) de la loi allemande sur la TVA (UStG).<\/p>","protected":false},"featured_media":6323,"template":"","meta":{"_acf_changed":false},"product_brand":[],"product_cat":[799,110,206],"product_tag":[1188,1196,1180,1189,1184,1186,1197,1185,1192,1181,1187,1190,1193,1195,1183,1182,1191,1179,1198,1194],"class_list":{"0":"post-8632","1":"product","2":"type-product","3":"status-publish","4":"has-post-thumbnail","6":"product_cat-accessoires-dekoration","7":"product_cat-dekoration","8":"product_cat-wohnaccessoires","9":"product_tag-afrikanische-kuechenwerkzeuge","10":"product_tag-afrikanische-kulinarik","11":"product_tag-afrikanisches-handwerk","12":"product_tag-dekorative-kuechenaccessoires","13":"product_tag-ethnisches-design","14":"product_tag-exotisches-kochzubehoer","15":"product_tag-funktionales-kunsthandwerk","16":"product_tag-grosse-moerserschale","17":"product_tag-handgemachter-moerser","18":"product_tag-handgeschnitzter-moerser","19":"product_tag-hartholz-moerser","20":"product_tag-hochwertiges-holzwerkzeug","21":"product_tag-kulturelles-kuechenutensil","22":"product_tag-massiver-holzmoerser","23":"product_tag-natuerliche-kuechenutensilien","24":"product_tag-robuster-holzstoessel","25":"product_tag-rustikales-kuechengeraet","26":"product_tag-traditioneller-kuechenhelfer","27":"product_tag-traditionelles-mahlwerkzeug","28":"product_tag-zeremonielle-kuechenutensilien","30":"first","31":"instock","32":"sale","33":"shipping-taxable","34":"purchasable","35":"product-type-variable"},"acf":[],"yoast_head":"<!-- This site is optimized with the Yoast SEO plugin v27.4 - https:\/\/yoast.com\/product\/yoast-seo-wordpress\/ -->\n<title>DekorM\u00f6rser - Sikat\u00ed<\/title>\n<meta name=\"description\" content=\"%\" \/>\n<meta name=\"robots\" content=\"index, follow, max-snippet:-1, max-image-preview:large, max-video-preview:-1\" \/>\n<link rel=\"canonical\" href=\"https:\/\/www.sikati.de\/fr\/produit\/accessoires-2\/\" \/>\n<meta property=\"og:locale\" content=\"fr_FR\" \/>\n<meta property=\"og:type\" content=\"article\" \/>\n<meta property=\"og:title\" content=\"DekorM\u00f6rser - Sikat\u00ed\" \/>\n<meta property=\"og:description\" content=\"%\" \/>\n<meta property=\"og:url\" content=\"https:\/\/www.sikati.de\/fr\/produit\/accessoires-2\/\" \/>\n<meta property=\"og:site_name\" content=\"Sikat\u00ed\" \/>\n<meta property=\"article:publisher\" content=\"https:\/\/www.facebook.com\/Arts.Decoration.Style\" \/>\n<meta property=\"article:modified_time\" content=\"2024-08-27T18:33:30+00:00\" \/>\n<meta property=\"og:image\" content=\"https:\/\/www.sikati.de\/wp-content\/uploads\/2023\/05\/PhotoRoom-20230516_173343_15.png\" \/>\n\t<meta property=\"og:image:width\" content=\"2000\" \/>\n\t<meta property=\"og:image:height\" content=\"2000\" \/>\n\t<meta property=\"og:image:type\" content=\"image\/png\" \/>\n<meta name=\"twitter:card\" content=\"summary_large_image\" \/>\n<meta name=\"twitter:label1\" content=\"Dur\u00e9e de lecture estim\u00e9e\" \/>\n\t<meta name=\"twitter:data1\" content=\"2 minutes\" \/>\n<script type=\"application\/ld+json\" class=\"yoast-schema-graph\">{\"@context\":\"https:\\\/\\\/schema.org\",\"@graph\":[{\"@type\":\"WebPage\",\"@id\":\"https:\\\/\\\/www.sikati.de\\\/produkt\\\/accessoires-2\\\/\",\"url\":\"https:\\\/\\\/www.sikati.de\\\/produkt\\\/accessoires-2\\\/\",\"name\":\"DekorM\u00f6rser - Sikat\u00ed\",\"isPartOf\":{\"@id\":\"https:\\\/\\\/www.sikati.de\\\/#website\"},\"primaryImageOfPage\":{\"@id\":\"https:\\\/\\\/www.sikati.de\\\/produkt\\\/accessoires-2\\\/#primaryimage\"},\"image\":{\"@id\":\"https:\\\/\\\/www.sikati.de\\\/produkt\\\/accessoires-2\\\/#primaryimage\"},\"thumbnailUrl\":\"https:\\\/\\\/www.sikati.de\\\/wp-content\\\/uploads\\\/2023\\\/05\\\/PhotoRoom-20230516_173343_15.png\",\"datePublished\":\"2024-01-04T00:41:57+00:00\",\"dateModified\":\"2024-08-27T18:33:30+00:00\",\"description\":\"%\",\"breadcrumb\":{\"@id\":\"https:\\\/\\\/www.sikati.de\\\/produkt\\\/accessoires-2\\\/#breadcrumb\"},\"inLanguage\":\"fr-FR\",\"potentialAction\":[{\"@type\":\"ReadAction\",\"target\":[\"https:\\\/\\\/www.sikati.de\\\/produkt\\\/accessoires-2\\\/\"]}]},{\"@type\":\"ImageObject\",\"inLanguage\":\"fr-FR\",\"@id\":\"https:\\\/\\\/www.sikati.de\\\/produkt\\\/accessoires-2\\\/#primaryimage\",\"url\":\"https:\\\/\\\/www.sikati.de\\\/wp-content\\\/uploads\\\/2023\\\/05\\\/PhotoRoom-20230516_173343_15.png\",\"contentUrl\":\"https:\\\/\\\/www.sikati.de\\\/wp-content\\\/uploads\\\/2023\\\/05\\\/PhotoRoom-20230516_173343_15.png\",\"width\":2000,\"height\":2000},{\"@type\":\"BreadcrumbList\",\"@id\":\"https:\\\/\\\/www.sikati.de\\\/produkt\\\/accessoires-2\\\/#breadcrumb\",\"itemListElement\":[{\"@type\":\"ListItem\",\"position\":1,\"name\":\"Startseite\",\"item\":\"https:\\\/\\\/www.sikati.de\\\/\"},{\"@type\":\"ListItem\",\"position\":2,\"name\":\"Produkte\",\"item\":\"https:\\\/\\\/www.sikati.de\\\/shop\\\/\"},{\"@type\":\"ListItem\",\"position\":3,\"name\":\"DekorM\u00f6rser\"}]},{\"@type\":\"WebSite\",\"@id\":\"https:\\\/\\\/www.sikati.de\\\/#website\",\"url\":\"https:\\\/\\\/www.sikati.de\\\/\",\"name\":\"Sikat\u00ed\",\"description\":\"Afro Contemporary Fashion &amp; Living\",\"publisher\":{\"@id\":\"https:\\\/\\\/www.sikati.de\\\/#organization\"},\"potentialAction\":[{\"@type\":\"SearchAction\",\"target\":{\"@type\":\"EntryPoint\",\"urlTemplate\":\"https:\\\/\\\/www.sikati.de\\\/?s={search_term_string}\"},\"query-input\":{\"@type\":\"PropertyValueSpecification\",\"valueRequired\":true,\"valueName\":\"search_term_string\"}}],\"inLanguage\":\"fr-FR\"},{\"@type\":\"Organization\",\"@id\":\"https:\\\/\\\/www.sikati.de\\\/#organization\",\"name\":\"Sikat\u00ed\",\"url\":\"https:\\\/\\\/www.sikati.de\\\/\",\"logo\":{\"@type\":\"ImageObject\",\"inLanguage\":\"fr-FR\",\"@id\":\"https:\\\/\\\/www.sikati.de\\\/#\\\/schema\\\/logo\\\/image\\\/\",\"url\":\"https:\\\/\\\/www.sikati.de\\\/wp-content\\\/uploads\\\/2019\\\/03\\\/cropped-cropped-sikati-logo.png\",\"contentUrl\":\"https:\\\/\\\/www.sikati.de\\\/wp-content\\\/uploads\\\/2019\\\/03\\\/cropped-cropped-sikati-logo.png\",\"width\":500,\"height\":201,\"caption\":\"Sikat\u00ed\"},\"image\":{\"@id\":\"https:\\\/\\\/www.sikati.de\\\/#\\\/schema\\\/logo\\\/image\\\/\"},\"sameAs\":[\"https:\\\/\\\/www.facebook.com\\\/Arts.Decoration.Style\",\"https:\\\/\\\/www.instagram.com\\\/sikati_arts\\\/\",\"https:\\\/\\\/www.tiktok.com\\\/@sikati_arts\"]}]}<\/script>\n<!-- \/ Yoast SEO plugin. -->","yoast_head_json":{"title":"DekorM\u00f6rser - Sikat\u00ed","description":"%","robots":{"index":"index","follow":"follow","max-snippet":"max-snippet:-1","max-image-preview":"max-image-preview:large","max-video-preview":"max-video-preview:-1"},"canonical":"https:\/\/www.sikati.de\/fr\/produit\/accessoires-2\/","og_locale":"fr_FR","og_type":"article","og_title":"DekorM\u00f6rser - Sikat\u00ed","og_description":"%","og_url":"https:\/\/www.sikati.de\/fr\/produit\/accessoires-2\/","og_site_name":"Sikat\u00ed","article_publisher":"https:\/\/www.facebook.com\/Arts.Decoration.Style","article_modified_time":"2024-08-27T18:33:30+00:00","og_image":[{"width":2000,"height":2000,"url":"https:\/\/www.sikati.de\/wp-content\/uploads\/2023\/05\/PhotoRoom-20230516_173343_15.png","type":"image\/png"}],"twitter_card":"summary_large_image","twitter_misc":{"Dur\u00e9e de lecture estim\u00e9e":"2 minutes"},"schema":{"@context":"https:\/\/schema.org","@graph":[{"@type":"WebPage","@id":"https:\/\/www.sikati.de\/produkt\/accessoires-2\/","url":"https:\/\/www.sikati.de\/produkt\/accessoires-2\/","name":"DekorM\u00f6rser - Sikat\u00ed","isPartOf":{"@id":"https:\/\/www.sikati.de\/#website"},"primaryImageOfPage":{"@id":"https:\/\/www.sikati.de\/produkt\/accessoires-2\/#primaryimage"},"image":{"@id":"https:\/\/www.sikati.de\/produkt\/accessoires-2\/#primaryimage"},"thumbnailUrl":"https:\/\/www.sikati.de\/wp-content\/uploads\/2023\/05\/PhotoRoom-20230516_173343_15.png","datePublished":"2024-01-04T00:41:57+00:00","dateModified":"2024-08-27T18:33:30+00:00","description":"%","breadcrumb":{"@id":"https:\/\/www.sikati.de\/produkt\/accessoires-2\/#breadcrumb"},"inLanguage":"fr-FR","potentialAction":[{"@type":"ReadAction","target":["https:\/\/www.sikati.de\/produkt\/accessoires-2\/"]}]},{"@type":"ImageObject","inLanguage":"fr-FR","@id":"https:\/\/www.sikati.de\/produkt\/accessoires-2\/#primaryimage","url":"https:\/\/www.sikati.de\/wp-content\/uploads\/2023\/05\/PhotoRoom-20230516_173343_15.png","contentUrl":"https:\/\/www.sikati.de\/wp-content\/uploads\/2023\/05\/PhotoRoom-20230516_173343_15.png","width":2000,"height":2000},{"@type":"BreadcrumbList","@id":"https:\/\/www.sikati.de\/produkt\/accessoires-2\/#breadcrumb","itemListElement":[{"@type":"ListItem","position":1,"name":"Startseite","item":"https:\/\/www.sikati.de\/"},{"@type":"ListItem","position":2,"name":"Produkte","item":"https:\/\/www.sikati.de\/shop\/"},{"@type":"ListItem","position":3,"name":"DekorM\u00f6rser"}]},{"@type":"WebSite","@id":"https:\/\/www.sikati.de\/#website","url":"https:\/\/www.sikati.de\/","name":"Sika\u00ed","description":"Afro Contemporary Fashion &amp; Living","publisher":{"@id":"https:\/\/www.sikati.de\/#organization"},"potentialAction":[{"@type":"SearchAction","target":{"@type":"EntryPoint","urlTemplate":"https:\/\/www.sikati.de\/?s={search_term_string}"},"query-input":{"@type":"PropertyValueSpecification","valueRequired":true,"valueName":"search_term_string"}}],"inLanguage":"fr-FR"},{"@type":"Organization","@id":"https:\/\/www.sikati.de\/#organization","name":"Sika\u00ed","url":"https:\/\/www.sikati.de\/","logo":{"@type":"ImageObject","inLanguage":"fr-FR","@id":"https:\/\/www.sikati.de\/#\/schema\/logo\/image\/","url":"https:\/\/www.sikati.de\/wp-content\/uploads\/2019\/03\/cropped-cropped-sikati-logo.png","contentUrl":"https:\/\/www.sikati.de\/wp-content\/uploads\/2019\/03\/cropped-cropped-sikati-logo.png","width":500,"height":201,"caption":"Sikat\u00ed"},"image":{"@id":"https:\/\/www.sikati.de\/#\/schema\/logo\/image\/"},"sameAs":["https:\/\/www.facebook.com\/Arts.Decoration.Style","https:\/\/www.instagram.com\/sikati_arts\/","https:\/\/www.tiktok.com\/@sikati_arts"]}]}},"_links":{"self":[{"href":"https:\/\/www.sikati.de\/fr\/wp-json\/wp\/v2\/product\/8632","targetHints":{"allow":["GET"]}}],"collection":[{"href":"https:\/\/www.sikati.de\/fr\/wp-json\/wp\/v2\/product"}],"about":[{"href":"https:\/\/www.sikati.de\/fr\/wp-json\/wp\/v2\/types\/product"}],"wp:featuredmedia":[{"embeddable":true,"href":"https:\/\/www.sikati.de\/fr\/wp-json\/wp\/v2\/media\/6323"}],"wp:attachment":[{"href":"https:\/\/www.sikati.de\/fr\/wp-json\/wp\/v2\/media?parent=8632"}],"wp:term":[{"taxonomy":"product_brand","embeddable":true,"href":"https:\/\/www.sikati.de\/fr\/wp-json\/wp\/v2\/product_brand?post=8632"},{"taxonomy":"product_cat","embeddable":true,"href":"https:\/\/www.sikati.de\/fr\/wp-json\/wp\/v2\/product_cat?post=8632"},{"taxonomy":"product_tag","embeddable":true,"href":"https:\/\/www.sikati.de\/fr\/wp-json\/wp\/v2\/product_tag?post=8632"}],"curies":[{"name":"wp","href":"https:\/\/api.w.org\/{rel}","templated":true}]}}